{"id":98,"date":"2012-11-14T22:03:16","date_gmt":"2012-11-14T22:03:16","guid":{"rendered":"http:\/\/blog.diocesisciudadrodrigo.org\/?page_id=43"},"modified":"2021-08-10T19:43:55","modified_gmt":"2021-08-10T17:43:55","slug":"catedral","status":"publish","type":"page","link":"https:\/\/www.diocesisciudadrodrigo.org\/blog4\/catedral\/","title":{"rendered":"Catedral"},"content":{"rendered":"<h2>\u00a0<span style=\"color: #0000ff;\"><strong>Catedral de Santa Mar\u00eda<\/strong><\/span><\/h2>\n<p>La primitiva Sede episcopal de Ciudad Rodrigo se fij\u00f3 provisionalmente en la Iglesia dedicada a Santa Mar\u00eda, situada entre el actual paseo de la Florida y la calle Santa Clara. Era de estilo mud\u00e9jar, similar al \u00e1bside de la parroquia de San Pedro y San Isidoro. Esta iglesia que conoci\u00f3 y describi\u00f3 el historiador S\u00e1nchez Caba\u00f1as en la Historia de la muy noble y leal Ciudad Rodrigo (Ciudad-Rodrigo, 1.861), desapareci\u00f3 en el siglo XVIII durante la guerra de Sucesi\u00f3n.<\/p>\n<p style=\"text-align: center;\">\u00a0<a href=\"http:\/\/www.catedralciudadrodrigo.com\/\" target=\"_blank\" rel=\"noopener noreferrer\"><img loading=\"lazy\" decoding=\"async\" class=\" wp-image-654 aligncenter\" title=\"Catedral\" src=\"http:\/\/www.diocesisciudadrodrigo.org\/blog3\/wp-content\/uploads\/2012\/11\/catedral1-598x800.jpg\" alt=\"\" width=\"538\" height=\"720\" \/><\/a><\/p>\n<p>Coincidiendo con la fundaci\u00f3n de la di\u00f3cesis (1.161-1.175), se acometi\u00f3 la empresa de construir la actual Catedral a iniciativa del rey Fernando II de Le\u00f3n (1.157-1.188), secundado por el Obispo y el Cabildo civitatenses. Tiene tres naves sobre planta de cruz latina con cabecera triabsidal. Es de estilo de transici\u00f3n del rom\u00e1nico al g\u00f3tico, perteneciente al grupo salmantino. Seg\u00fan S\u00e1nchez Caba\u00f1as, la nueva Catedral, dedicada a Santa Mar\u00eda bajo el misterio de la Asunci\u00f3n, se consagr\u00f3 el d\u00eda 20-XI-1.160, dominica XXVII despu\u00e9s de Pentecost\u00e9s. En esa fecha se celebra el aniversario de la Dedicaci\u00f3n.<\/p>\n<p>La construcci\u00f3n se prolong\u00f3 a lo largo del siglo XII. El conjunto de l\u00edneas arquitect\u00f3nicas en la Catedral es uniforme, aunque hay posteriores reformas y adherencias, como las capillas de San Blas (siglo XVII), de la Sant\u00edsima Virgen de los Dolores (1.728), del Pilar (1.752), y la torre (1.764-1.770), obra del arquitecto Juan Marcelino Sagarvinaga.<\/p>\n<p>La torre, as\u00ed como la fachada principal sufrieron grandes da\u00f1os durante la guerra de la Independencia, da\u00f1os que gracias al Plan Director de Catedrales se van reparando. El p\u00f3rtico es una obra primorosa de arte g\u00f3tico. El Claustro tiene dos \u00e9pocas distintas; una de estilo g\u00f3tico (s. XIII-XIV), siendo su maestro Benito S\u00e1nchez, y la otra, de estilo plateresco (s. XV-XVI), obra de Pedro de G\u00fcemes. El coro, de madera de nogal, es de estilo plateresco (1.498-1.503), obra de Rodrigo Alem\u00e1n.<\/p>\n<p style=\"text-align: center;\"><img loading=\"lazy\" decoding=\"async\" class=\"wp-image-789 aligncenter\" title=\"Catedral\" src=\"http:\/\/www.diocesisciudadrodrigo.org\/blog3\/wp-content\/uploads\/2012\/11\/cabecera03.jpg\" alt=\"\" width=\"499\" height=\"161\" \/><\/p>\n<p>El origen del Cabildo se remonta a la misma fundaci\u00f3n de la Di\u00f3cesis. Consta efectivamente su existencia ya el a\u00f1o 1.173, a juzgar por varias concordias y donaciones de estos a\u00f1os, en los que figura actuando en asuntos referentes a la Catedral y Di\u00f3cesis. No consta que fuera introducida en el Cabildo civitatense la vida regular conforme a la regla de San Agust\u00edn, aceptada por otros Cabildos espa\u00f1oles. Parece m\u00e1s bien que desde el primer momento fue Cabildo secular. Actualmente consta de 13 can\u00f3nigos. La \u00faltima reforma de los Estatutos capitulares tuvo lugar el 9 de diciembre de 1.999.<\/p>\n<p>&nbsp;<\/p>\n<p>CABILDO CATEDRALICIO<\/p>\n<p>&nbsp;<\/p>\n<p>Presidente del Cabildo:<\/p>\n<ul>\n<li>Ilmo. Sr. D. \u00c1ngel Mart\u00edn Carballo<\/li>\n<\/ul>\n<p>Can\u00f3nigos:<\/p>\n<ul>\n<li>M. I. Sr. D. Prudencio Manchado Vicente (Penitenciario)<\/li>\n<li>M. I. Sr. D.\u00a0Tom\u00e1s Mu\u00f1oz Porras (Secretario)<\/li>\n<li>M. I. Sr. D. Vidal Rodr\u00edguez Encinas (Administrador)<\/li>\n<li>M. I. Sr. D. Rafael Ca\u00f1o Santos (Ec\u00f3nomo)<\/li>\n<\/ul>\n<p>Can\u00f3nigos Em\u00e9ritos:<\/p>\n<ul>\n<li>M. I. Sr. D.\u00a0Santiago Alonso Mart\u00edn<\/li>\n<li>M. I. Sr. D.\u00a0Jos\u00e9 Manuel Carballo Corvo<\/li>\n<li>M. I. Sr.\u00a0D. Andr\u00e9s Bajo Boada<\/li>\n<li>M. I. Sr. D<em>. <\/em>\u00c1ngel Olivera Miguel<\/li>\n<li>M. I. Sr. D.\u00a0Carlos L\u00f3pez Miguel<\/li>\n<li>M. I. Sr. D. Bernardino San Nicasio Rubio<\/li>\n<\/ul>\n<blockquote><p>&nbsp;<\/p>\n<p>Santa Iglesia Catedral<\/p>\n<p>Plaza San Salvador s\/n.<\/p>\n<p>37500 CIUDAD RODRIGO<\/p>\n<p>Tlfno.: 923 481 424.<\/p><\/blockquote>\n<p>&nbsp;<\/p>\n<p style=\"text-align: center;\">\u00a0Para acceder a la p\u00e1gina web de la Catedral, hacer clic sobre la siguiente imagen.<\/p>\n<p style=\"text-align: center;\"><a href=\"http:\/\/www.catedralciudadrodrigo.com\/\" target=\"_blank\" rel=\"noopener noreferrer\"><img loading=\"lazy\" decoding=\"async\" class=\"size-large wp-image-787 aligncenter\" title=\"catedral_santamaria\" src=\"http:\/\/www.diocesisciudadrodrigo.org\/blog3\/wp-content\/uploads\/2012\/11\/catedral_santamaria-800x798.jpg\" alt=\"\" width=\"500\" height=\"500\" \/><\/a><\/p>\n","protected":false},"excerpt":{"rendered":"<p>\u00a0Catedral de Santa Mar\u00eda La primitiva Sede episcopal de Ciudad Rodrigo se fij\u00f3 provisionalmente en la Iglesia dedicada a Santa Mar\u00eda, situada entre el actual paseo de la Florida y &#8230; <\/p>\n<p class=\"read-more-container\"><a title=\"Catedral\" class=\"read-more button\" href=\"https:\/\/www.diocesisciudadrodrigo.org\/blog4\/catedral\/#more-98\" aria-label=\"M\u00e1s en Catedral\">Leer m\u00e1s &#8230;<\/a><\/p>\n","protected":false},"author":1,"featured_media":0,"parent":0,"menu_order":5,"comment_status":"closed","ping_status":"open","template":"","meta":{"footnotes":""},"class_list":["post-98","page","type-page","status-publish"],"yoast_head":"<!-- This site is optimized with the Yoast SEO plugin v27.3 - https:\/\/yoast.com\/product\/yoast-seo-wordpress\/ -->\n<title>Catedral - Di\u00f3cesis de Ciudad Rodrigo<\/title>\n<meta name=\"robots\" content=\"index, follow, max-snippet:-1, max-image-preview:large, max-video-preview:-1\" \/>\n<link rel=\"canonical\" href=\"https:\/\/www.diocesisciudadrodrigo.org\/blog4\/catedral\/\" \/>\n<meta property=\"og:locale\" content=\"es_ES\" \/>\n<meta property=\"og:type\" content=\"article\" \/>\n<meta property=\"og:title\" content=\"Catedral - Di\u00f3cesis de Ciudad Rodrigo\" \/>\n<meta property=\"og:description\" content=\"\u00a0Catedral de Santa Mar\u00eda La primitiva Sede episcopal de Ciudad Rodrigo se fij\u00f3 provisionalmente en la Iglesia dedicada a Santa Mar\u00eda, situada entre el actual paseo de la Florida y ... Leer m\u00e1s ...\" \/>\n<meta property=\"og:url\" content=\"https:\/\/www.diocesisciudadrodrigo.org\/blog4\/catedral\/\" \/>\n<meta property=\"og:site_name\" content=\"Di\u00f3cesis de Ciudad Rodrigo\" \/>\n<meta property=\"article:publisher\" content=\"https:\/\/www.facebook.com\/people\/Dicesis-Ciudad-Rodrigo-MCS\/100076471923419\/#\" \/>\n<meta property=\"article:modified_time\" content=\"2021-08-10T17:43:55+00:00\" \/>\n<meta name=\"twitter:card\" content=\"summary_large_image\" \/>\n<meta name=\"twitter:label1\" content=\"Tiempo de lectura\" \/>\n\t<meta name=\"twitter:data1\" content=\"3 minutos\" \/>\n<script type=\"application\/ld+json\" class=\"yoast-schema-graph\">{\"@context\":\"https:\\\/\\\/schema.org\",\"@graph\":[{\"@type\":\"WebPage\",\"@id\":\"https:\\\/\\\/www.diocesisciudadrodrigo.org\\\/blog4\\\/catedral\\\/\",\"url\":\"https:\\\/\\\/www.diocesisciudadrodrigo.org\\\/blog4\\\/catedral\\\/\",\"name\":\"Catedral - Di\u00f3cesis de Ciudad Rodrigo\",\"isPartOf\":{\"@id\":\"https:\\\/\\\/www.diocesisciudadrodrigo.org\\\/blog4\\\/#website\"},\"primaryImageOfPage\":{\"@id\":\"https:\\\/\\\/www.diocesisciudadrodrigo.org\\\/blog4\\\/catedral\\\/#primaryimage\"},\"image\":{\"@id\":\"https:\\\/\\\/www.diocesisciudadrodrigo.org\\\/blog4\\\/catedral\\\/#primaryimage\"},\"thumbnailUrl\":\"http:\\\/\\\/www.diocesisciudadrodrigo.org\\\/blog3\\\/wp-content\\\/uploads\\\/2012\\\/11\\\/catedral1-598x800.jpg\",\"datePublished\":\"2012-11-14T22:03:16+00:00\",\"dateModified\":\"2021-08-10T17:43:55+00:00\",\"breadcrumb\":{\"@id\":\"https:\\\/\\\/www.diocesisciudadrodrigo.org\\\/blog4\\\/catedral\\\/#breadcrumb\"},\"inLanguage\":\"es\",\"potentialAction\":[{\"@type\":\"ReadAction\",\"target\":[\"https:\\\/\\\/www.diocesisciudadrodrigo.org\\\/blog4\\\/catedral\\\/\"]}]},{\"@type\":\"ImageObject\",\"inLanguage\":\"es\",\"@id\":\"https:\\\/\\\/www.diocesisciudadrodrigo.org\\\/blog4\\\/catedral\\\/#primaryimage\",\"url\":\"http:\\\/\\\/www.diocesisciudadrodrigo.org\\\/blog3\\\/wp-content\\\/uploads\\\/2012\\\/11\\\/catedral1-598x800.jpg\",\"contentUrl\":\"http:\\\/\\\/www.diocesisciudadrodrigo.org\\\/blog3\\\/wp-content\\\/uploads\\\/2012\\\/11\\\/catedral1-598x800.jpg\"},{\"@type\":\"BreadcrumbList\",\"@id\":\"https:\\\/\\\/www.diocesisciudadrodrigo.org\\\/blog4\\\/catedral\\\/#breadcrumb\",\"itemListElement\":[{\"@type\":\"ListItem\",\"position\":1,\"name\":\"Portada\",\"item\":\"https:\\\/\\\/www.diocesisciudadrodrigo.org\\\/blog4\\\/\"},{\"@type\":\"ListItem\",\"position\":2,\"name\":\"Catedral\"}]},{\"@type\":\"WebSite\",\"@id\":\"https:\\\/\\\/www.diocesisciudadrodrigo.org\\\/blog4\\\/#website\",\"url\":\"https:\\\/\\\/www.diocesisciudadrodrigo.org\\\/blog4\\\/\",\"name\":\"Di\u00f3cesis de Ciudad Rodrigo\",\"description\":\"Sitio web oficial de la di\u00f3cesis civitatense\",\"publisher\":{\"@id\":\"https:\\\/\\\/www.diocesisciudadrodrigo.org\\\/blog4\\\/#organization\"},\"potentialAction\":[{\"@type\":\"SearchAction\",\"target\":{\"@type\":\"EntryPoint\",\"urlTemplate\":\"https:\\\/\\\/www.diocesisciudadrodrigo.org\\\/blog4\\\/?s={search_term_string}\"},\"query-input\":{\"@type\":\"PropertyValueSpecification\",\"valueRequired\":true,\"valueName\":\"search_term_string\"}}],\"inLanguage\":\"es\"},{\"@type\":\"Organization\",\"@id\":\"https:\\\/\\\/www.diocesisciudadrodrigo.org\\\/blog4\\\/#organization\",\"name\":\"Di\u00f3cesis de Ciudad Rodrigo\",\"url\":\"https:\\\/\\\/www.diocesisciudadrodrigo.org\\\/blog4\\\/\",\"logo\":{\"@type\":\"ImageObject\",\"inLanguage\":\"es\",\"@id\":\"https:\\\/\\\/www.diocesisciudadrodrigo.org\\\/blog4\\\/#\\\/schema\\\/logo\\\/image\\\/\",\"url\":\"https:\\\/\\\/www.diocesisciudadrodrigo.org\\\/blog4\\\/wp-content\\\/uploads\\\/2024\\\/12\\\/Diocesis.CMYK_-768x480-1.jpg\",\"contentUrl\":\"https:\\\/\\\/www.diocesisciudadrodrigo.org\\\/blog4\\\/wp-content\\\/uploads\\\/2024\\\/12\\\/Diocesis.CMYK_-768x480-1.jpg\",\"width\":768,\"height\":480,\"caption\":\"Di\u00f3cesis de Ciudad Rodrigo\"},\"image\":{\"@id\":\"https:\\\/\\\/www.diocesisciudadrodrigo.org\\\/blog4\\\/#\\\/schema\\\/logo\\\/image\\\/\"},\"sameAs\":[\"https:\\\/\\\/www.facebook.com\\\/people\\\/Dicesis-Ciudad-Rodrigo-MCS\\\/100076471923419\\\/#\"]}]}<\/script>\n<!-- \/ Yoast SEO plugin. -->","yoast_head_json":{"title":"Catedral - Di\u00f3cesis de Ciudad Rodrigo","robots":{"index":"index","follow":"follow","max-snippet":"max-snippet:-1","max-image-preview":"max-image-preview:large","max-video-preview":"max-video-preview:-1"},"canonical":"https:\/\/www.diocesisciudadrodrigo.org\/blog4\/catedral\/","og_locale":"es_ES","og_type":"article","og_title":"Catedral - Di\u00f3cesis de Ciudad Rodrigo","og_description":"\u00a0Catedral de Santa Mar\u00eda La primitiva Sede episcopal de Ciudad Rodrigo se fij\u00f3 provisionalmente en la Iglesia dedicada a Santa Mar\u00eda, situada entre el actual paseo de la Florida y ... Leer m\u00e1s ...","og_url":"https:\/\/www.diocesisciudadrodrigo.org\/blog4\/catedral\/","og_site_name":"Di\u00f3cesis de Ciudad Rodrigo","article_publisher":"https:\/\/www.facebook.com\/people\/Dicesis-Ciudad-Rodrigo-MCS\/100076471923419\/#","article_modified_time":"2021-08-10T17:43:55+00:00","twitter_card":"summary_large_image","twitter_misc":{"Tiempo de lectura":"3 minutos"},"schema":{"@context":"https:\/\/schema.org","@graph":[{"@type":"WebPage","@id":"https:\/\/www.diocesisciudadrodrigo.org\/blog4\/catedral\/","url":"https:\/\/www.diocesisciudadrodrigo.org\/blog4\/catedral\/","name":"Catedral - Di\u00f3cesis de Ciudad Rodrigo","isPartOf":{"@id":"https:\/\/www.diocesisciudadrodrigo.org\/blog4\/#website"},"primaryImageOfPage":{"@id":"https:\/\/www.diocesisciudadrodrigo.org\/blog4\/catedral\/#primaryimage"},"image":{"@id":"https:\/\/www.diocesisciudadrodrigo.org\/blog4\/catedral\/#primaryimage"},"thumbnailUrl":"http:\/\/www.diocesisciudadrodrigo.org\/blog3\/wp-content\/uploads\/2012\/11\/catedral1-598x800.jpg","datePublished":"2012-11-14T22:03:16+00:00","dateModified":"2021-08-10T17:43:55+00:00","breadcrumb":{"@id":"https:\/\/www.diocesisciudadrodrigo.org\/blog4\/catedral\/#breadcrumb"},"inLanguage":"es","potentialAction":[{"@type":"ReadAction","target":["https:\/\/www.diocesisciudadrodrigo.org\/blog4\/catedral\/"]}]},{"@type":"ImageObject","inLanguage":"es","@id":"https:\/\/www.diocesisciudadrodrigo.org\/blog4\/catedral\/#primaryimage","url":"http:\/\/www.diocesisciudadrodrigo.org\/blog3\/wp-content\/uploads\/2012\/11\/catedral1-598x800.jpg","contentUrl":"http:\/\/www.diocesisciudadrodrigo.org\/blog3\/wp-content\/uploads\/2012\/11\/catedral1-598x800.jpg"},{"@type":"BreadcrumbList","@id":"https:\/\/www.diocesisciudadrodrigo.org\/blog4\/catedral\/#breadcrumb","itemListElement":[{"@type":"ListItem","position":1,"name":"Portada","item":"https:\/\/www.diocesisciudadrodrigo.org\/blog4\/"},{"@type":"ListItem","position":2,"name":"Catedral"}]},{"@type":"WebSite","@id":"https:\/\/www.diocesisciudadrodrigo.org\/blog4\/#website","url":"https:\/\/www.diocesisciudadrodrigo.org\/blog4\/","name":"Di\u00f3cesis de Ciudad Rodrigo","description":"Sitio web oficial de la di\u00f3cesis civitatense","publisher":{"@id":"https:\/\/www.diocesisciudadrodrigo.org\/blog4\/#organization"},"potentialAction":[{"@type":"SearchAction","target":{"@type":"EntryPoint","urlTemplate":"https:\/\/www.diocesisciudadrodrigo.org\/blog4\/?s={search_term_string}"},"query-input":{"@type":"PropertyValueSpecification","valueRequired":true,"valueName":"search_term_string"}}],"inLanguage":"es"},{"@type":"Organization","@id":"https:\/\/www.diocesisciudadrodrigo.org\/blog4\/#organization","name":"Di\u00f3cesis de Ciudad Rodrigo","url":"https:\/\/www.diocesisciudadrodrigo.org\/blog4\/","logo":{"@type":"ImageObject","inLanguage":"es","@id":"https:\/\/www.diocesisciudadrodrigo.org\/blog4\/#\/schema\/logo\/image\/","url":"https:\/\/www.diocesisciudadrodrigo.org\/blog4\/wp-content\/uploads\/2024\/12\/Diocesis.CMYK_-768x480-1.jpg","contentUrl":"https:\/\/www.diocesisciudadrodrigo.org\/blog4\/wp-content\/uploads\/2024\/12\/Diocesis.CMYK_-768x480-1.jpg","width":768,"height":480,"caption":"Di\u00f3cesis de Ciudad Rodrigo"},"image":{"@id":"https:\/\/www.diocesisciudadrodrigo.org\/blog4\/#\/schema\/logo\/image\/"},"sameAs":["https:\/\/www.facebook.com\/people\/Dicesis-Ciudad-Rodrigo-MCS\/100076471923419\/#"]}]}},"_links":{"self":[{"href":"https:\/\/www.diocesisciudadrodrigo.org\/blog4\/wp-json\/wp\/v2\/pages\/98","targetHints":{"allow":["GET"]}}],"collection":[{"href":"https:\/\/www.diocesisciudadrodrigo.org\/blog4\/wp-json\/wp\/v2\/pages"}],"about":[{"href":"https:\/\/www.diocesisciudadrodrigo.org\/blog4\/wp-json\/wp\/v2\/types\/page"}],"author":[{"embeddable":true,"href":"https:\/\/www.diocesisciudadrodrigo.org\/blog4\/wp-json\/wp\/v2\/users\/1"}],"replies":[{"embeddable":true,"href":"https:\/\/www.diocesisciudadrodrigo.org\/blog4\/wp-json\/wp\/v2\/comments?post=98"}],"version-history":[{"count":8,"href":"https:\/\/www.diocesisciudadrodrigo.org\/blog4\/wp-json\/wp\/v2\/pages\/98\/revisions"}],"predecessor-version":[{"id":18799,"href":"https:\/\/www.diocesisciudadrodrigo.org\/blog4\/wp-json\/wp\/v2\/pages\/98\/revisions\/18799"}],"wp:attachment":[{"href":"https:\/\/www.diocesisciudadrodrigo.org\/blog4\/wp-json\/wp\/v2\/media?parent=98"}],"curies":[{"name":"wp","href":"https:\/\/api.w.org\/{rel}","templated":true}]}}