{"id":97,"date":"2012-11-14T22:04:30","date_gmt":"2012-11-14T22:04:30","guid":{"rendered":"http:\/\/blog.diocesisciudadrodrigo.org\/?page_id=42"},"modified":"2026-03-05T13:45:20","modified_gmt":"2026-03-05T12:45:20","slug":"curia-diocesana","status":"publish","type":"page","link":"https:\/\/www.diocesisciudadrodrigo.org\/blog4\/curia-diocesana\/","title":{"rendered":"Curia diocesana"},"content":{"rendered":"\t\t<div data-elementor-type=\"wp-page\" data-elementor-id=\"97\" class=\"elementor elementor-97\" data-elementor-settings=\"[]\">\n\t\t\t\t\t\t<div class=\"elementor-inner\">\n\t\t\t\t\t\t\t<div class=\"elementor-section-wrap\">\n\t\t\t\t\t\t\t<section class=\"elementor-section elementor-top-section elementor-element elementor-element-e75f31c elementor-section-boxed elementor-section-height-default elementor-section-height-default\" data-id=\"e75f31c\" data-element_type=\"section\">\n\t\t\t\t\t\t<div class=\"elementor-container elementor-column-gap-default\">\n\t\t\t\t\t\t\t<div class=\"elementor-row\">\n\t\t\t\t\t<div class=\"elementor-column elementor-col-50 elementor-top-column elementor-element elementor-element-7491ce0\" data-id=\"7491ce0\" data-element_type=\"column\">\n\t\t\t<div class=\"elementor-column-wrap elementor-element-populated\">\n\t\t\t\t\t\t\t<div class=\"elementor-widget-wrap\">\n\t\t\t\t\t\t<div class=\"elementor-element elementor-element-1bab4ee elementor-widget elementor-widget-text-editor\" data-id=\"1bab4ee\" data-element_type=\"widget\" data-widget_type=\"text-editor.default\">\n\t\t\t\t<div class=\"elementor-widget-container\">\n\t\t\t\t\t\t\t\t<div class=\"elementor-text-editor elementor-clearfix\">\n\t\t\t\t<p>La <strong data-start=\"3\" data-end=\"40\">Curia diocesana de Ciudad Rodrigo<\/strong> es el conjunto de organismos y personas que colaboran con el obispo en el gobierno pastoral, administrativo y judicial de la di\u00f3cesis. Su funci\u00f3n principal es ayudar en la gesti\u00f3n de los asuntos diocesanos, asegurando el cumplimiento de la misi\u00f3n de la Iglesia en ese territorio.<\/p><p><strong>VICAR\u00cdA GENERAL<\/strong><\/p><ul><li>Vicario General: D. Jos\u00e9 Mar\u00eda Rodr\u00edguez-Veleiro Rodr\u00edguez<br \/><em>correo electr\u00f3nico<\/em><em>: vicariogeneral@diocesisciudadrodrigo.org<\/em><\/li><\/ul><p><strong>VICAR\u00cdA DE PASTORAL<\/strong><\/p><ul><li>\u00a0Vicario de\u00a0 Pastoral: D. Antonio Nicol\u00e1s Risue\u00f1o P\u00e9rez<br \/><em>correo electr\u00f3nico: pastoral@diocesisciudadrodrigo.org<\/em><\/li><\/ul><p><strong>VICAR\u00cdA JUDICIAL:<\/strong><\/p><ul><li>Vicario Judicial: D. Jos\u00e9 Mar\u00eda Rodr\u00edguez-Veleiro Rodr\u00edguez\u00a0 correo electr\u00f3nico: <em>vicariajudicial@diocesisciudadrodrigo.org<\/em><\/li><\/ul><ul><li>Jueces del Tribunal Diocesano para las Causas de Nulidad Matrimonial:<br \/>D\u00aa. Laura Magdalena Miguel<br \/>D. F\u00e9lix Garc\u00eda Lozano<\/li><\/ul><ul><li>Defensor del V\u00ednculo y Promotor de Justicia:\u00a0 \u00a0 \u00a0 \u00a0 \u00a0 \u00a0 \u00a0 \u00a0 \u00a0 \u00a0 \u00a0 \u00a0 \u00a0 \u00a0 \u00a0 \u00a0 \u00a0 \u00a0 \u00a0 \u00a0 D. Juan Jos\u00e9 Carbajo Cobos<\/li><\/ul><ul><li>Notario: D. Jes\u00fas Guti\u00e9rrez Mart\u00edn<\/li><\/ul><p><strong>SECRETAR\u00cdA GENERAL<\/strong><\/p><ul><li>Canciller-Secretario General : D. Prudencio Manchado Vicente<br \/><em>correo electr\u00f3nico: secretaria@diocesisciudadrodrigo.org<\/em><\/li><\/ul><ul><li>Vice Canciller-Secretario: D. Santiago Alonso Mart\u00edn<\/li><\/ul><ul><li>Notario : D. Jes\u00fas Guti\u00e9rrez Mart\u00edn<br \/><em>correo electr\u00f3nico: notaria@diocesisciudadrodrigo.org<\/em><\/li><\/ul><p><strong>ADMINISTRACI\u00d3N GENERAL<\/strong><\/p><ul><li>Ec\u00f3nomo Diocesano : D. Manuel Dom\u00ednguez Jim\u00e9nez<br \/><em>correo electr\u00f3nico: administracion@diocesisciudadrodrigo.org<\/em><\/li><\/ul><p><strong>DELEGACIONES Y SECRETARIADOS PASTORALES:<\/strong><\/p><p>A) \u00c1rea de Formaci\u00f3n Cristiana:<\/p><ul><li>Coordinador: D. Antonio Nicol\u00e1s Risue\u00f1o P\u00e9rez<\/li><li>Catequesis: Hna. Gloria Pastor Gordaliza (MM Teresianas)<\/li><li>Delegaci\u00f3n Diocesana de Ense\u00f1anza: D. Juan Carlos S\u00e1nchez G\u00f3mez<\/li><li>Delegaci\u00f3n Diocesana de Pastoral lit\u00fargica: D. Vidal Rodr\u00edguez Encinas<\/li><li>Delegaci\u00f3n Diocesana de Patrimonio Cultural de la Iglesia:\u00a0 \u00a0 \u00a0 \u00a0 \u00a0 \u00a0 Integrada en la Vicar\u00eda General<\/li><\/ul><p>B) \u00c1rea de Acci\u00f3n Caritativa y Social<\/p><ul><li>Delegaci\u00f3n Diocesana de Acci\u00f3n Caritativa y Social: Hna. Mar\u00eda Paz Diago N\u00fa\u00f1ez<\/li><li>Delegaci\u00f3n Diocesana de Pastoral de la Salud: D. Carlos Norberto G\u00f3mez Jim\u00e9nez<\/li><li>Secretariado Diocesano para el Apostolado en Carretera: D. Antonio Nicol\u00e1s Risue\u00f1o P\u00e9rez<\/li><\/ul><p>C) \u00c1rea de Laicado y Apostolado Seglar<\/p><ul><li>Coordinador: D. Antonio Nicol\u00e1s Risue\u00f1o P\u00e9rez<\/li><li>Delegaci\u00f3n Diocesana de Apostolado Seglar: D. Daniel Mielgo Barre\u00f1a y D\u00f1a. Teresa Anciones Ledesma<\/li><li>Director del Secretariado Diocesano para la Adolescencia y la Juventud: D. Jos\u00e9 Efra\u00edn Peinado Hern\u00e1ndez<\/li><li>Delegaci\u00f3n Diocesana de Pastoral Familiar: D. Daniel Mielgo Barre\u00f1a y D\u00f1a. Teresa Anciones Ledesma<\/li><li>Delegaci\u00f3n Diocesana de Peregrinaciones: D. Rafael Ca\u00f1o Santos<\/li><\/ul><p>D) \u00c1rea de Vocaci\u00f3n y Misi\u00f3n<\/p><ul><li>Coordinador: D. \u00c1ngel Olivera Miguel<\/li><li>Delegaci\u00f3n Episcopal para la Vida Consagrada y Asociaciones P\u00edas de Fieles: D. \u00c1ngel Olivera Miguel<\/li><li>Delegaci\u00f3n Diocesana de Pastoral Vocacional: D. Anselmo Matilla Santos<\/li><li>Delegaci\u00f3n Diocesana de Misiones y O.M.P.: D. Jos\u00e9 Mar\u00eda Rodr\u00edguez-Veleiro Rodr\u00edguez\u00a0<\/li><li>Delegaci\u00f3n Diocesana de Ecumenismo: D. \u00c1ngel Olivera Miguel\u00a0<\/li><li>Delegaci\u00f3n Diocesana para el Clero: D. Jos\u00e9 Mar\u00eda Rodr\u00edguez-Veleiro Rodr\u00edguez<\/li><li>Delegaci\u00f3n Diocesana para las Causas de los Santos: D. Santiago Alonso Mart\u00edn<\/li><\/ul><p><strong>ARCHIVO DIOCESANO Y CATEDRALICIO:<\/strong><\/p><ul><li>Archivero Diocesano: D. Fernando Fuentes Moro<br \/><em>correo electr\u00f3nico: archivo@diocesisciudadrodrigo.org<\/em><\/li><\/ul><p><strong>DEPARTAMENTO DE COMUNICACI\u00d3N:<\/strong><\/p><ul><li>Delegado Diocesano de Comunicaci\u00f3n: D. Miguel Navarro Ruano<br \/><em>correo electr\u00f3nico: info@diocesisciudadrodrigo.org<\/em><\/li><li>Colaboradora: D\u00f1a. Silvia Garc\u00eda Rojo<\/li><li>Portavoz del Obispado: D. Jos\u00e9 Mar\u00eda Rodr\u00edguez-Veleiro<\/li><li>Bolet\u00edn Oficial del Obispado: D. Jos\u00e9 Mar\u00eda Rodr\u00edguez-Veleiro<\/li><\/ul><p><strong>DEPARTAMENTO DE INFORM\u00c1TICA:<\/strong><\/p><ul><li>\u00a0Colaborador: D. Manuel Santos Calderero S\u00e1nchez<\/li><\/ul>\t\t\t\t\t<\/div>\n\t\t\t\t\t\t<\/div>\n\t\t\t\t<\/div>\n\t\t\t\t\t\t<\/div>\n\t\t\t\t\t<\/div>\n\t\t<\/div>\n\t\t\t\t<div class=\"elementor-column elementor-col-50 elementor-top-column elementor-element elementor-element-7a05bfd\" data-id=\"7a05bfd\" data-element_type=\"column\">\n\t\t\t<div class=\"elementor-column-wrap elementor-element-populated\">\n\t\t\t\t\t\t\t<div class=\"elementor-widget-wrap\">\n\t\t\t\t\t\t<div class=\"elementor-element elementor-element-17b8070 elementor-widget elementor-widget-image\" data-id=\"17b8070\" data-element_type=\"widget\" data-widget_type=\"image.default\">\n\t\t\t\t<div class=\"elementor-widget-container\">\n\t\t\t\t\t\t\t\t<div class=\"elementor-image\">\n\t\t\t\t\t\t\t\t\t\t\t\t<img loading=\"lazy\" decoding=\"async\" width=\"1024\" height=\"768\" src=\"https:\/\/www.diocesisciudadrodrigo.org\/blog4\/wp-content\/uploads\/2019\/08\/IMG-3822-1024x768.jpg\" class=\"attachment-large size-large\" alt=\"\" srcset=\"https:\/\/www.diocesisciudadrodrigo.org\/blog4\/wp-content\/uploads\/2019\/08\/IMG-3822-1024x768.jpg 1024w, https:\/\/www.diocesisciudadrodrigo.org\/blog4\/wp-content\/uploads\/2019\/08\/IMG-3822-300x225.jpg 300w, https:\/\/www.diocesisciudadrodrigo.org\/blog4\/wp-content\/uploads\/2019\/08\/IMG-3822-768x576.jpg 768w, https:\/\/www.diocesisciudadrodrigo.org\/blog4\/wp-content\/uploads\/2019\/08\/IMG-3822-350x263.jpg 350w\" sizes=\"auto, (max-width: 1024px) 100vw, 1024px\" \/>\t\t\t\t\t\t\t\t\t\t\t\t\t\t<\/div>\n\t\t\t\t\t\t<\/div>\n\t\t\t\t<\/div>\n\t\t\t\t<div class=\"elementor-element elementor-element-183f7a3 elementor-widget elementor-widget-heading\" data-id=\"183f7a3\" data-element_type=\"widget\" data-widget_type=\"heading.default\">\n\t\t\t\t<div class=\"elementor-widget-container\">\n\t\t\t<h1 class=\"elementor-heading-title elementor-size-default\">OFICINAS DEL OBISPADO<\/h1>\t\t<\/div>\n\t\t\t\t<\/div>\n\t\t\t\t<div class=\"elementor-element elementor-element-7762f1a elementor-widget elementor-widget-text-editor\" data-id=\"7762f1a\" data-element_type=\"widget\" data-widget_type=\"text-editor.default\">\n\t\t\t\t<div class=\"elementor-widget-container\">\n\t\t\t\t\t\t\t\t<div class=\"elementor-text-editor elementor-clearfix\">\n\t\t\t\t<blockquote><p>\u00a0C \/ D\u00edez Taravilla, 15<br \/>37500 CIUDAD RODRIGO<br \/>Tlf. 923 460 843<br \/>E-Mail: diocesis@diocesisciudadrodrigo.org<\/p><p>http:\/\/www.diocesisciudadrodrigo.org<\/p><\/blockquote>\t\t\t\t\t<\/div>\n\t\t\t\t\t\t<\/div>\n\t\t\t\t<\/div>\n\t\t\t\t<div class=\"elementor-element elementor-element-4c3f421 elementor-widget elementor-widget-image\" data-id=\"4c3f421\" data-element_type=\"widget\" data-widget_type=\"image.default\">\n\t\t\t\t<div class=\"elementor-widget-container\">\n\t\t\t\t\t\t\t\t<div class=\"elementor-image\">\n\t\t\t\t\t\t\t\t\t\t\t\t<img loading=\"lazy\" decoding=\"async\" width=\"1024\" height=\"768\" src=\"https:\/\/www.diocesisciudadrodrigo.org\/blog4\/wp-content\/uploads\/2019\/08\/IMG-3824-1024x768.jpg\" class=\"attachment-large size-large\" alt=\"\" srcset=\"https:\/\/www.diocesisciudadrodrigo.org\/blog4\/wp-content\/uploads\/2019\/08\/IMG-3824-1024x768.jpg 1024w, https:\/\/www.diocesisciudadrodrigo.org\/blog4\/wp-content\/uploads\/2019\/08\/IMG-3824-300x225.jpg 300w, https:\/\/www.diocesisciudadrodrigo.org\/blog4\/wp-content\/uploads\/2019\/08\/IMG-3824-768x576.jpg 768w, https:\/\/www.diocesisciudadrodrigo.org\/blog4\/wp-content\/uploads\/2019\/08\/IMG-3824-350x263.jpg 350w\" sizes=\"auto, (max-width: 1024px) 100vw, 1024px\" \/>\t\t\t\t\t\t\t\t\t\t\t\t\t\t<\/div>\n\t\t\t\t\t\t<\/div>\n\t\t\t\t<\/div>\n\t\t\t\t\t\t<\/div>\n\t\t\t\t\t<\/div>\n\t\t<\/div>\n\t\t\t\t\t\t\t\t<\/div>\n\t\t\t\t\t<\/div>\n\t\t<\/section>\n\t\t\t\t<section class=\"elementor-section elementor-top-section elementor-element elementor-element-12c8363 elementor-section-boxed elementor-section-height-default elementor-section-height-default\" data-id=\"12c8363\" data-element_type=\"section\">\n\t\t\t\t\t\t<div class=\"elementor-container elementor-column-gap-default\">\n\t\t\t\t\t\t\t<div class=\"elementor-row\">\n\t\t\t\t\t<div class=\"elementor-column elementor-col-100 elementor-top-column elementor-element elementor-element-1238e3b\" data-id=\"1238e3b\" data-element_type=\"column\">\n\t\t\t<div class=\"elementor-column-wrap\">\n\t\t\t\t\t\t\t<div class=\"elementor-widget-wrap\">\n\t\t\t\t\t\t\t\t<\/div>\n\t\t\t\t\t<\/div>\n\t\t<\/div>\n\t\t\t\t\t\t\t\t<\/div>\n\t\t\t\t\t<\/div>\n\t\t<\/section>\n\t\t\t\t\t\t<\/div>\n\t\t\t\t\t\t<\/div>\n\t\t\t\t\t<\/div>\n\t\t","protected":false},"excerpt":{"rendered":"<p>La Curia diocesana de Ciudad Rodrigo es el conjunto de organismos y personas que colaboran con el obispo en el gobierno pastoral, administrativo y judicial de la di\u00f3cesis. Su funci\u00f3n &#8230; <\/p>\n<p class=\"read-more-container\"><a title=\"Curia diocesana\" class=\"read-more button\" href=\"https:\/\/www.diocesisciudadrodrigo.org\/blog4\/curia-diocesana\/#more-97\" aria-label=\"M\u00e1s en Curia diocesana\">Leer m\u00e1s &#8230;<\/a><\/p>\n","protected":false},"author":1,"featured_media":0,"parent":0,"menu_order":4,"comment_status":"closed","ping_status":"open","template":"","meta":{"footnotes":""},"class_list":["post-97","page","type-page","status-publish"],"yoast_head":"<!-- This site is optimized with the Yoast SEO plugin v27.3 - https:\/\/yoast.com\/product\/yoast-seo-wordpress\/ -->\n<title>Curia diocesana - Di\u00f3cesis de Ciudad Rodrigo<\/title>\n<meta name=\"robots\" content=\"index, follow, max-snippet:-1, max-image-preview:large, max-video-preview:-1\" \/>\n<link rel=\"canonical\" href=\"https:\/\/www.diocesisciudadrodrigo.org\/blog4\/curia-diocesana\/\" \/>\n<meta property=\"og:locale\" content=\"es_ES\" \/>\n<meta property=\"og:type\" content=\"article\" \/>\n<meta property=\"og:title\" content=\"Curia diocesana - Di\u00f3cesis de Ciudad Rodrigo\" \/>\n<meta property=\"og:description\" content=\"La Curia diocesana de Ciudad Rodrigo es el conjunto de organismos y personas que colaboran con el obispo en el gobierno pastoral, administrativo y judicial de la di\u00f3cesis. Su funci\u00f3n ... Leer m\u00e1s ...\" \/>\n<meta property=\"og:url\" content=\"https:\/\/www.diocesisciudadrodrigo.org\/blog4\/curia-diocesana\/\" \/>\n<meta property=\"og:site_name\" content=\"Di\u00f3cesis de Ciudad Rodrigo\" \/>\n<meta property=\"article:publisher\" content=\"https:\/\/www.facebook.com\/people\/Dicesis-Ciudad-Rodrigo-MCS\/100076471923419\/#\" \/>\n<meta property=\"article:modified_time\" content=\"2026-03-05T12:45:20+00:00\" \/>\n<meta property=\"og:image\" content=\"https:\/\/www.diocesisciudadrodrigo.org\/blog4\/wp-content\/uploads\/2019\/08\/IMG-3822-1024x768.jpg\" \/>\n<meta name=\"twitter:card\" content=\"summary_large_image\" \/>\n<meta name=\"twitter:label1\" content=\"Tiempo de lectura\" \/>\n\t<meta name=\"twitter:data1\" content=\"3 minutos\" \/>\n<script type=\"application\/ld+json\" class=\"yoast-schema-graph\">{\"@context\":\"https:\\\/\\\/schema.org\",\"@graph\":[{\"@type\":\"WebPage\",\"@id\":\"https:\\\/\\\/www.diocesisciudadrodrigo.org\\\/blog4\\\/curia-diocesana\\\/\",\"url\":\"https:\\\/\\\/www.diocesisciudadrodrigo.org\\\/blog4\\\/curia-diocesana\\\/\",\"name\":\"Curia diocesana - Di\u00f3cesis de Ciudad Rodrigo\",\"isPartOf\":{\"@id\":\"https:\\\/\\\/www.diocesisciudadrodrigo.org\\\/blog4\\\/#website\"},\"primaryImageOfPage\":{\"@id\":\"https:\\\/\\\/www.diocesisciudadrodrigo.org\\\/blog4\\\/curia-diocesana\\\/#primaryimage\"},\"image\":{\"@id\":\"https:\\\/\\\/www.diocesisciudadrodrigo.org\\\/blog4\\\/curia-diocesana\\\/#primaryimage\"},\"thumbnailUrl\":\"https:\\\/\\\/www.diocesisciudadrodrigo.org\\\/blog4\\\/wp-content\\\/uploads\\\/2019\\\/08\\\/IMG-3822-1024x768.jpg\",\"datePublished\":\"2012-11-14T22:04:30+00:00\",\"dateModified\":\"2026-03-05T12:45:20+00:00\",\"breadcrumb\":{\"@id\":\"https:\\\/\\\/www.diocesisciudadrodrigo.org\\\/blog4\\\/curia-diocesana\\\/#breadcrumb\"},\"inLanguage\":\"es\",\"potentialAction\":[{\"@type\":\"ReadAction\",\"target\":[\"https:\\\/\\\/www.diocesisciudadrodrigo.org\\\/blog4\\\/curia-diocesana\\\/\"]}]},{\"@type\":\"ImageObject\",\"inLanguage\":\"es\",\"@id\":\"https:\\\/\\\/www.diocesisciudadrodrigo.org\\\/blog4\\\/curia-diocesana\\\/#primaryimage\",\"url\":\"https:\\\/\\\/www.diocesisciudadrodrigo.org\\\/blog4\\\/wp-content\\\/uploads\\\/2019\\\/08\\\/IMG-3822.jpg\",\"contentUrl\":\"https:\\\/\\\/www.diocesisciudadrodrigo.org\\\/blog4\\\/wp-content\\\/uploads\\\/2019\\\/08\\\/IMG-3822.jpg\",\"width\":4032,\"height\":3024},{\"@type\":\"BreadcrumbList\",\"@id\":\"https:\\\/\\\/www.diocesisciudadrodrigo.org\\\/blog4\\\/curia-diocesana\\\/#breadcrumb\",\"itemListElement\":[{\"@type\":\"ListItem\",\"position\":1,\"name\":\"Portada\",\"item\":\"https:\\\/\\\/www.diocesisciudadrodrigo.org\\\/blog4\\\/\"},{\"@type\":\"ListItem\",\"position\":2,\"name\":\"Curia diocesana\"}]},{\"@type\":\"WebSite\",\"@id\":\"https:\\\/\\\/www.diocesisciudadrodrigo.org\\\/blog4\\\/#website\",\"url\":\"https:\\\/\\\/www.diocesisciudadrodrigo.org\\\/blog4\\\/\",\"name\":\"Di\u00f3cesis de Ciudad Rodrigo\",\"description\":\"Sitio web oficial de la di\u00f3cesis civitatense\",\"publisher\":{\"@id\":\"https:\\\/\\\/www.diocesisciudadrodrigo.org\\\/blog4\\\/#organization\"},\"potentialAction\":[{\"@type\":\"SearchAction\",\"target\":{\"@type\":\"EntryPoint\",\"urlTemplate\":\"https:\\\/\\\/www.diocesisciudadrodrigo.org\\\/blog4\\\/?s={search_term_string}\"},\"query-input\":{\"@type\":\"PropertyValueSpecification\",\"valueRequired\":true,\"valueName\":\"search_term_string\"}}],\"inLanguage\":\"es\"},{\"@type\":\"Organization\",\"@id\":\"https:\\\/\\\/www.diocesisciudadrodrigo.org\\\/blog4\\\/#organization\",\"name\":\"Di\u00f3cesis de Ciudad Rodrigo\",\"url\":\"https:\\\/\\\/www.diocesisciudadrodrigo.org\\\/blog4\\\/\",\"logo\":{\"@type\":\"ImageObject\",\"inLanguage\":\"es\",\"@id\":\"https:\\\/\\\/www.diocesisciudadrodrigo.org\\\/blog4\\\/#\\\/schema\\\/logo\\\/image\\\/\",\"url\":\"https:\\\/\\\/www.diocesisciudadrodrigo.org\\\/blog4\\\/wp-content\\\/uploads\\\/2024\\\/12\\\/Diocesis.CMYK_-768x480-1.jpg\",\"contentUrl\":\"https:\\\/\\\/www.diocesisciudadrodrigo.org\\\/blog4\\\/wp-content\\\/uploads\\\/2024\\\/12\\\/Diocesis.CMYK_-768x480-1.jpg\",\"width\":768,\"height\":480,\"caption\":\"Di\u00f3cesis de Ciudad Rodrigo\"},\"image\":{\"@id\":\"https:\\\/\\\/www.diocesisciudadrodrigo.org\\\/blog4\\\/#\\\/schema\\\/logo\\\/image\\\/\"},\"sameAs\":[\"https:\\\/\\\/www.facebook.com\\\/people\\\/Dicesis-Ciudad-Rodrigo-MCS\\\/100076471923419\\\/#\"]}]}<\/script>\n<!-- \/ Yoast SEO plugin. -->","yoast_head_json":{"title":"Curia diocesana - Di\u00f3cesis de Ciudad Rodrigo","robots":{"index":"index","follow":"follow","max-snippet":"max-snippet:-1","max-image-preview":"max-image-preview:large","max-video-preview":"max-video-preview:-1"},"canonical":"https:\/\/www.diocesisciudadrodrigo.org\/blog4\/curia-diocesana\/","og_locale":"es_ES","og_type":"article","og_title":"Curia diocesana - Di\u00f3cesis de Ciudad Rodrigo","og_description":"La Curia diocesana de Ciudad Rodrigo es el conjunto de organismos y personas que colaboran con el obispo en el gobierno pastoral, administrativo y judicial de la di\u00f3cesis. Su funci\u00f3n ... Leer m\u00e1s ...","og_url":"https:\/\/www.diocesisciudadrodrigo.org\/blog4\/curia-diocesana\/","og_site_name":"Di\u00f3cesis de Ciudad Rodrigo","article_publisher":"https:\/\/www.facebook.com\/people\/Dicesis-Ciudad-Rodrigo-MCS\/100076471923419\/#","article_modified_time":"2026-03-05T12:45:20+00:00","og_image":[{"url":"https:\/\/www.diocesisciudadrodrigo.org\/blog4\/wp-content\/uploads\/2019\/08\/IMG-3822-1024x768.jpg","type":"","width":"","height":""}],"twitter_card":"summary_large_image","twitter_misc":{"Tiempo de lectura":"3 minutos"},"schema":{"@context":"https:\/\/schema.org","@graph":[{"@type":"WebPage","@id":"https:\/\/www.diocesisciudadrodrigo.org\/blog4\/curia-diocesana\/","url":"https:\/\/www.diocesisciudadrodrigo.org\/blog4\/curia-diocesana\/","name":"Curia diocesana - Di\u00f3cesis de Ciudad Rodrigo","isPartOf":{"@id":"https:\/\/www.diocesisciudadrodrigo.org\/blog4\/#website"},"primaryImageOfPage":{"@id":"https:\/\/www.diocesisciudadrodrigo.org\/blog4\/curia-diocesana\/#primaryimage"},"image":{"@id":"https:\/\/www.diocesisciudadrodrigo.org\/blog4\/curia-diocesana\/#primaryimage"},"thumbnailUrl":"https:\/\/www.diocesisciudadrodrigo.org\/blog4\/wp-content\/uploads\/2019\/08\/IMG-3822-1024x768.jpg","datePublished":"2012-11-14T22:04:30+00:00","dateModified":"2026-03-05T12:45:20+00:00","breadcrumb":{"@id":"https:\/\/www.diocesisciudadrodrigo.org\/blog4\/curia-diocesana\/#breadcrumb"},"inLanguage":"es","potentialAction":[{"@type":"ReadAction","target":["https:\/\/www.diocesisciudadrodrigo.org\/blog4\/curia-diocesana\/"]}]},{"@type":"ImageObject","inLanguage":"es","@id":"https:\/\/www.diocesisciudadrodrigo.org\/blog4\/curia-diocesana\/#primaryimage","url":"https:\/\/www.diocesisciudadrodrigo.org\/blog4\/wp-content\/uploads\/2019\/08\/IMG-3822.jpg","contentUrl":"https:\/\/www.diocesisciudadrodrigo.org\/blog4\/wp-content\/uploads\/2019\/08\/IMG-3822.jpg","width":4032,"height":3024},{"@type":"BreadcrumbList","@id":"https:\/\/www.diocesisciudadrodrigo.org\/blog4\/curia-diocesana\/#breadcrumb","itemListElement":[{"@type":"ListItem","position":1,"name":"Portada","item":"https:\/\/www.diocesisciudadrodrigo.org\/blog4\/"},{"@type":"ListItem","position":2,"name":"Curia diocesana"}]},{"@type":"WebSite","@id":"https:\/\/www.diocesisciudadrodrigo.org\/blog4\/#website","url":"https:\/\/www.diocesisciudadrodrigo.org\/blog4\/","name":"Di\u00f3cesis de Ciudad Rodrigo","description":"Sitio web oficial de la di\u00f3cesis civitatense","publisher":{"@id":"https:\/\/www.diocesisciudadrodrigo.org\/blog4\/#organization"},"potentialAction":[{"@type":"SearchAction","target":{"@type":"EntryPoint","urlTemplate":"https:\/\/www.diocesisciudadrodrigo.org\/blog4\/?s={search_term_string}"},"query-input":{"@type":"PropertyValueSpecification","valueRequired":true,"valueName":"search_term_string"}}],"inLanguage":"es"},{"@type":"Organization","@id":"https:\/\/www.diocesisciudadrodrigo.org\/blog4\/#organization","name":"Di\u00f3cesis de Ciudad Rodrigo","url":"https:\/\/www.diocesisciudadrodrigo.org\/blog4\/","logo":{"@type":"ImageObject","inLanguage":"es","@id":"https:\/\/www.diocesisciudadrodrigo.org\/blog4\/#\/schema\/logo\/image\/","url":"https:\/\/www.diocesisciudadrodrigo.org\/blog4\/wp-content\/uploads\/2024\/12\/Diocesis.CMYK_-768x480-1.jpg","contentUrl":"https:\/\/www.diocesisciudadrodrigo.org\/blog4\/wp-content\/uploads\/2024\/12\/Diocesis.CMYK_-768x480-1.jpg","width":768,"height":480,"caption":"Di\u00f3cesis de Ciudad Rodrigo"},"image":{"@id":"https:\/\/www.diocesisciudadrodrigo.org\/blog4\/#\/schema\/logo\/image\/"},"sameAs":["https:\/\/www.facebook.com\/people\/Dicesis-Ciudad-Rodrigo-MCS\/100076471923419\/#"]}]}},"_links":{"self":[{"href":"https:\/\/www.diocesisciudadrodrigo.org\/blog4\/wp-json\/wp\/v2\/pages\/97","targetHints":{"allow":["GET"]}}],"collection":[{"href":"https:\/\/www.diocesisciudadrodrigo.org\/blog4\/wp-json\/wp\/v2\/pages"}],"about":[{"href":"https:\/\/www.diocesisciudadrodrigo.org\/blog4\/wp-json\/wp\/v2\/types\/page"}],"author":[{"embeddable":true,"href":"https:\/\/www.diocesisciudadrodrigo.org\/blog4\/wp-json\/wp\/v2\/users\/1"}],"replies":[{"embeddable":true,"href":"https:\/\/www.diocesisciudadrodrigo.org\/blog4\/wp-json\/wp\/v2\/comments?post=97"}],"version-history":[{"count":196,"href":"https:\/\/www.diocesisciudadrodrigo.org\/blog4\/wp-json\/wp\/v2\/pages\/97\/revisions"}],"predecessor-version":[{"id":42861,"href":"https:\/\/www.diocesisciudadrodrigo.org\/blog4\/wp-json\/wp\/v2\/pages\/97\/revisions\/42861"}],"wp:attachment":[{"href":"https:\/\/www.diocesisciudadrodrigo.org\/blog4\/wp-json\/wp\/v2\/media?parent=97"}],"curies":[{"name":"wp","href":"https:\/\/api.w.org\/{rel}","templated":true}]}}