{"id":83,"date":"2012-11-14T22:03:37","date_gmt":"2012-11-14T22:03:37","guid":{"rendered":"http:\/\/blog.diocesisciudadrodrigo.org\/?page_id=25"},"modified":"2023-06-08T21:24:27","modified_gmt":"2023-06-08T19:24:27","slug":"apostolado-seglar","status":"publish","type":"page","link":"https:\/\/www.diocesisciudadrodrigo.org\/blog4\/delegaciones\/apostolado-seglar\/","title":{"rendered":"Apostolado seglar"},"content":{"rendered":"<h3><img loading=\"lazy\" decoding=\"async\" class=\"wp-image-332 alignright\" title=\"Iglesia de la Tercera Orden. Ciudad Rodrigo\" src=\"http:\/\/www.diocesisciudadrodrigo.org\/blog3\/wp-content\/uploads\/2012\/11\/ig_tercera_orden_01-397x800.jpg\" alt=\"Iglesia de la Tercera Orden de Ciudad Rodrigo\" width=\"318\" height=\"640\" \/>ASOCIACIONES DE ESPIRITUALIDAD<\/h3>\n<ul>\n<li>Adoraci\u00f3n Nocturna Espa\u00f1ola<\/li>\n<li>Adoraci\u00f3n Nocturna Femenina Espa\u00f1ola<\/li>\n<li>Apostolado de la Oraci\u00f3n<\/li>\n<li>Asociaci\u00f3n de la Medalla Milagrosa<\/li>\n<li>Junta Mayor de Semana Santa<\/li>\n<li>Renovaci\u00f3n Carism\u00e1tica Cat\u00f3lica<\/li>\n<li>Uni\u00f3n Eucar\u00edstica Reparadora<\/li>\n<\/ul>\n<p>&nbsp;<\/p>\n<p>&nbsp;<\/p>\n<h3>APOSTOLADO SEGLAR<\/h3>\n<ul>\n<li>Conferencias de San Vicente de Paul<\/li>\n<li>Manos Unidas<\/li>\n<li>Movimiento Familiar Cristiano<\/li>\n<li>Vida Ascendente<\/li>\n<\/ul>\n<blockquote><p>Movimiento Vida Ascendente<\/p>\n<p>Presidenta: Do\u00f1a Isabel Casta\u00f1o Garc\u00eda<\/p>\n<p>Secretario: Don Rosendo Ramos Mart\u00edn<\/p>\n<p>Tesorera: Do\u00f1a Marcelina Vicente Mart\u00edn<\/p>\n<p>Consiliario: Don Rafael Ca\u00f1o Santos<\/p>\n<p>Monitor: D. Isidoro Gonz\u00e1lez Mart\u00edn<\/p>\n<p>&nbsp;<\/p><\/blockquote>\n<ul>\n<li>Voluntarias de la Caridad<\/li>\n<li>Legi\u00f3n de Mar\u00eda<\/li>\n<\/ul>\n<p>&nbsp;<\/p>\n<h3>MOVIMIENTOS JUVENILES<\/h3>\n<ul>\n<li>Grupo Diocesano de Pastoral Juvenil<\/li>\n<li>Grupo Antorcha Misioneras De la Providencia<\/li>\n<\/ul>\n<p>&nbsp;<\/p>\n","protected":false},"excerpt":{"rendered":"<p>ASOCIACIONES DE ESPIRITUALIDAD Adoraci\u00f3n Nocturna Espa\u00f1ola Adoraci\u00f3n Nocturna Femenina Espa\u00f1ola Apostolado de la Oraci\u00f3n Asociaci\u00f3n de la Medalla Milagrosa Junta Mayor de Semana Santa Renovaci\u00f3n Carism\u00e1tica Cat\u00f3lica Uni\u00f3n Eucar\u00edstica Reparadora &#8230; <\/p>\n<p class=\"read-more-container\"><a title=\"Apostolado seglar\" class=\"read-more button\" href=\"https:\/\/www.diocesisciudadrodrigo.org\/blog4\/delegaciones\/apostolado-seglar\/#more-83\" aria-label=\"M\u00e1s en Apostolado seglar\">Leer m\u00e1s &#8230;<\/a><\/p>\n","protected":false},"author":1,"featured_media":0,"parent":7927,"menu_order":8,"comment_status":"closed","ping_status":"open","template":"","meta":{"footnotes":""},"class_list":["post-83","page","type-page","status-publish"],"yoast_head":"<!-- This site is optimized with the Yoast SEO plugin v27.3 - https:\/\/yoast.com\/product\/yoast-seo-wordpress\/ -->\n<title>Apostolado seglar - Di\u00f3cesis de Ciudad Rodrigo<\/title>\n<meta name=\"robots\" content=\"index, follow, max-snippet:-1, max-image-preview:large, max-video-preview:-1\" \/>\n<link rel=\"canonical\" href=\"https:\/\/www.diocesisciudadrodrigo.org\/blog4\/delegaciones\/apostolado-seglar\/\" \/>\n<meta property=\"og:locale\" content=\"es_ES\" \/>\n<meta property=\"og:type\" content=\"article\" \/>\n<meta property=\"og:title\" content=\"Apostolado seglar - Di\u00f3cesis de Ciudad Rodrigo\" \/>\n<meta property=\"og:description\" content=\"ASOCIACIONES DE ESPIRITUALIDAD Adoraci\u00f3n Nocturna Espa\u00f1ola Adoraci\u00f3n Nocturna Femenina Espa\u00f1ola Apostolado de la Oraci\u00f3n Asociaci\u00f3n de la Medalla Milagrosa Junta Mayor de Semana Santa Renovaci\u00f3n Carism\u00e1tica Cat\u00f3lica Uni\u00f3n Eucar\u00edstica Reparadora ... Leer m\u00e1s ...\" \/>\n<meta property=\"og:url\" content=\"https:\/\/www.diocesisciudadrodrigo.org\/blog4\/delegaciones\/apostolado-seglar\/\" \/>\n<meta property=\"og:site_name\" content=\"Di\u00f3cesis de Ciudad Rodrigo\" \/>\n<meta property=\"article:publisher\" content=\"https:\/\/www.facebook.com\/people\/Dicesis-Ciudad-Rodrigo-MCS\/100076471923419\/#\" \/>\n<meta property=\"article:modified_time\" content=\"2023-06-08T19:24:27+00:00\" \/>\n<meta name=\"twitter:card\" content=\"summary_large_image\" \/>\n<meta name=\"twitter:label1\" content=\"Tiempo de lectura\" \/>\n\t<meta name=\"twitter:data1\" content=\"1 minuto\" \/>\n<script type=\"application\/ld+json\" class=\"yoast-schema-graph\">{\"@context\":\"https:\\\/\\\/schema.org\",\"@graph\":[{\"@type\":\"WebPage\",\"@id\":\"https:\\\/\\\/www.diocesisciudadrodrigo.org\\\/blog4\\\/delegaciones\\\/apostolado-seglar\\\/\",\"url\":\"https:\\\/\\\/www.diocesisciudadrodrigo.org\\\/blog4\\\/delegaciones\\\/apostolado-seglar\\\/\",\"name\":\"Apostolado seglar - Di\u00f3cesis de Ciudad Rodrigo\",\"isPartOf\":{\"@id\":\"https:\\\/\\\/www.diocesisciudadrodrigo.org\\\/blog4\\\/#website\"},\"primaryImageOfPage\":{\"@id\":\"https:\\\/\\\/www.diocesisciudadrodrigo.org\\\/blog4\\\/delegaciones\\\/apostolado-seglar\\\/#primaryimage\"},\"image\":{\"@id\":\"https:\\\/\\\/www.diocesisciudadrodrigo.org\\\/blog4\\\/delegaciones\\\/apostolado-seglar\\\/#primaryimage\"},\"thumbnailUrl\":\"http:\\\/\\\/www.diocesisciudadrodrigo.org\\\/blog3\\\/wp-content\\\/uploads\\\/2012\\\/11\\\/ig_tercera_orden_01-397x800.jpg\",\"datePublished\":\"2012-11-14T22:03:37+00:00\",\"dateModified\":\"2023-06-08T19:24:27+00:00\",\"breadcrumb\":{\"@id\":\"https:\\\/\\\/www.diocesisciudadrodrigo.org\\\/blog4\\\/delegaciones\\\/apostolado-seglar\\\/#breadcrumb\"},\"inLanguage\":\"es\",\"potentialAction\":[{\"@type\":\"ReadAction\",\"target\":[\"https:\\\/\\\/www.diocesisciudadrodrigo.org\\\/blog4\\\/delegaciones\\\/apostolado-seglar\\\/\"]}]},{\"@type\":\"ImageObject\",\"inLanguage\":\"es\",\"@id\":\"https:\\\/\\\/www.diocesisciudadrodrigo.org\\\/blog4\\\/delegaciones\\\/apostolado-seglar\\\/#primaryimage\",\"url\":\"http:\\\/\\\/www.diocesisciudadrodrigo.org\\\/blog3\\\/wp-content\\\/uploads\\\/2012\\\/11\\\/ig_tercera_orden_01-397x800.jpg\",\"contentUrl\":\"http:\\\/\\\/www.diocesisciudadrodrigo.org\\\/blog3\\\/wp-content\\\/uploads\\\/2012\\\/11\\\/ig_tercera_orden_01-397x800.jpg\"},{\"@type\":\"BreadcrumbList\",\"@id\":\"https:\\\/\\\/www.diocesisciudadrodrigo.org\\\/blog4\\\/delegaciones\\\/apostolado-seglar\\\/#breadcrumb\",\"itemListElement\":[{\"@type\":\"ListItem\",\"position\":1,\"name\":\"Portada\",\"item\":\"https:\\\/\\\/www.diocesisciudadrodrigo.org\\\/blog4\\\/\"},{\"@type\":\"ListItem\",\"position\":2,\"name\":\"Delegaciones\",\"item\":\"https:\\\/\\\/www.diocesisciudadrodrigo.org\\\/blog4\\\/delegaciones\\\/\"},{\"@type\":\"ListItem\",\"position\":3,\"name\":\"Apostolado seglar\"}]},{\"@type\":\"WebSite\",\"@id\":\"https:\\\/\\\/www.diocesisciudadrodrigo.org\\\/blog4\\\/#website\",\"url\":\"https:\\\/\\\/www.diocesisciudadrodrigo.org\\\/blog4\\\/\",\"name\":\"Di\u00f3cesis de Ciudad Rodrigo\",\"description\":\"Sitio web oficial de la di\u00f3cesis civitatense\",\"publisher\":{\"@id\":\"https:\\\/\\\/www.diocesisciudadrodrigo.org\\\/blog4\\\/#organization\"},\"potentialAction\":[{\"@type\":\"SearchAction\",\"target\":{\"@type\":\"EntryPoint\",\"urlTemplate\":\"https:\\\/\\\/www.diocesisciudadrodrigo.org\\\/blog4\\\/?s={search_term_string}\"},\"query-input\":{\"@type\":\"PropertyValueSpecification\",\"valueRequired\":true,\"valueName\":\"search_term_string\"}}],\"inLanguage\":\"es\"},{\"@type\":\"Organization\",\"@id\":\"https:\\\/\\\/www.diocesisciudadrodrigo.org\\\/blog4\\\/#organization\",\"name\":\"Di\u00f3cesis de Ciudad Rodrigo\",\"url\":\"https:\\\/\\\/www.diocesisciudadrodrigo.org\\\/blog4\\\/\",\"logo\":{\"@type\":\"ImageObject\",\"inLanguage\":\"es\",\"@id\":\"https:\\\/\\\/www.diocesisciudadrodrigo.org\\\/blog4\\\/#\\\/schema\\\/logo\\\/image\\\/\",\"url\":\"https:\\\/\\\/www.diocesisciudadrodrigo.org\\\/blog4\\\/wp-content\\\/uploads\\\/2024\\\/12\\\/Diocesis.CMYK_-768x480-1.jpg\",\"contentUrl\":\"https:\\\/\\\/www.diocesisciudadrodrigo.org\\\/blog4\\\/wp-content\\\/uploads\\\/2024\\\/12\\\/Diocesis.CMYK_-768x480-1.jpg\",\"width\":768,\"height\":480,\"caption\":\"Di\u00f3cesis de Ciudad Rodrigo\"},\"image\":{\"@id\":\"https:\\\/\\\/www.diocesisciudadrodrigo.org\\\/blog4\\\/#\\\/schema\\\/logo\\\/image\\\/\"},\"sameAs\":[\"https:\\\/\\\/www.facebook.com\\\/people\\\/Dicesis-Ciudad-Rodrigo-MCS\\\/100076471923419\\\/#\"]}]}<\/script>\n<!-- \/ Yoast SEO plugin. -->","yoast_head_json":{"title":"Apostolado seglar - Di\u00f3cesis de Ciudad Rodrigo","robots":{"index":"index","follow":"follow","max-snippet":"max-snippet:-1","max-image-preview":"max-image-preview:large","max-video-preview":"max-video-preview:-1"},"canonical":"https:\/\/www.diocesisciudadrodrigo.org\/blog4\/delegaciones\/apostolado-seglar\/","og_locale":"es_ES","og_type":"article","og_title":"Apostolado seglar - Di\u00f3cesis de Ciudad Rodrigo","og_description":"ASOCIACIONES DE ESPIRITUALIDAD Adoraci\u00f3n Nocturna Espa\u00f1ola Adoraci\u00f3n Nocturna Femenina Espa\u00f1ola Apostolado de la Oraci\u00f3n Asociaci\u00f3n de la Medalla Milagrosa Junta Mayor de Semana Santa Renovaci\u00f3n Carism\u00e1tica Cat\u00f3lica Uni\u00f3n Eucar\u00edstica Reparadora ... Leer m\u00e1s ...","og_url":"https:\/\/www.diocesisciudadrodrigo.org\/blog4\/delegaciones\/apostolado-seglar\/","og_site_name":"Di\u00f3cesis de Ciudad Rodrigo","article_publisher":"https:\/\/www.facebook.com\/people\/Dicesis-Ciudad-Rodrigo-MCS\/100076471923419\/#","article_modified_time":"2023-06-08T19:24:27+00:00","twitter_card":"summary_large_image","twitter_misc":{"Tiempo de lectura":"1 minuto"},"schema":{"@context":"https:\/\/schema.org","@graph":[{"@type":"WebPage","@id":"https:\/\/www.diocesisciudadrodrigo.org\/blog4\/delegaciones\/apostolado-seglar\/","url":"https:\/\/www.diocesisciudadrodrigo.org\/blog4\/delegaciones\/apostolado-seglar\/","name":"Apostolado seglar - Di\u00f3cesis de Ciudad Rodrigo","isPartOf":{"@id":"https:\/\/www.diocesisciudadrodrigo.org\/blog4\/#website"},"primaryImageOfPage":{"@id":"https:\/\/www.diocesisciudadrodrigo.org\/blog4\/delegaciones\/apostolado-seglar\/#primaryimage"},"image":{"@id":"https:\/\/www.diocesisciudadrodrigo.org\/blog4\/delegaciones\/apostolado-seglar\/#primaryimage"},"thumbnailUrl":"http:\/\/www.diocesisciudadrodrigo.org\/blog3\/wp-content\/uploads\/2012\/11\/ig_tercera_orden_01-397x800.jpg","datePublished":"2012-11-14T22:03:37+00:00","dateModified":"2023-06-08T19:24:27+00:00","breadcrumb":{"@id":"https:\/\/www.diocesisciudadrodrigo.org\/blog4\/delegaciones\/apostolado-seglar\/#breadcrumb"},"inLanguage":"es","potentialAction":[{"@type":"ReadAction","target":["https:\/\/www.diocesisciudadrodrigo.org\/blog4\/delegaciones\/apostolado-seglar\/"]}]},{"@type":"ImageObject","inLanguage":"es","@id":"https:\/\/www.diocesisciudadrodrigo.org\/blog4\/delegaciones\/apostolado-seglar\/#primaryimage","url":"http:\/\/www.diocesisciudadrodrigo.org\/blog3\/wp-content\/uploads\/2012\/11\/ig_tercera_orden_01-397x800.jpg","contentUrl":"http:\/\/www.diocesisciudadrodrigo.org\/blog3\/wp-content\/uploads\/2012\/11\/ig_tercera_orden_01-397x800.jpg"},{"@type":"BreadcrumbList","@id":"https:\/\/www.diocesisciudadrodrigo.org\/blog4\/delegaciones\/apostolado-seglar\/#breadcrumb","itemListElement":[{"@type":"ListItem","position":1,"name":"Portada","item":"https:\/\/www.diocesisciudadrodrigo.org\/blog4\/"},{"@type":"ListItem","position":2,"name":"Delegaciones","item":"https:\/\/www.diocesisciudadrodrigo.org\/blog4\/delegaciones\/"},{"@type":"ListItem","position":3,"name":"Apostolado seglar"}]},{"@type":"WebSite","@id":"https:\/\/www.diocesisciudadrodrigo.org\/blog4\/#website","url":"https:\/\/www.diocesisciudadrodrigo.org\/blog4\/","name":"Di\u00f3cesis de Ciudad Rodrigo","description":"Sitio web oficial de la di\u00f3cesis civitatense","publisher":{"@id":"https:\/\/www.diocesisciudadrodrigo.org\/blog4\/#organization"},"potentialAction":[{"@type":"SearchAction","target":{"@type":"EntryPoint","urlTemplate":"https:\/\/www.diocesisciudadrodrigo.org\/blog4\/?s={search_term_string}"},"query-input":{"@type":"PropertyValueSpecification","valueRequired":true,"valueName":"search_term_string"}}],"inLanguage":"es"},{"@type":"Organization","@id":"https:\/\/www.diocesisciudadrodrigo.org\/blog4\/#organization","name":"Di\u00f3cesis de Ciudad Rodrigo","url":"https:\/\/www.diocesisciudadrodrigo.org\/blog4\/","logo":{"@type":"ImageObject","inLanguage":"es","@id":"https:\/\/www.diocesisciudadrodrigo.org\/blog4\/#\/schema\/logo\/image\/","url":"https:\/\/www.diocesisciudadrodrigo.org\/blog4\/wp-content\/uploads\/2024\/12\/Diocesis.CMYK_-768x480-1.jpg","contentUrl":"https:\/\/www.diocesisciudadrodrigo.org\/blog4\/wp-content\/uploads\/2024\/12\/Diocesis.CMYK_-768x480-1.jpg","width":768,"height":480,"caption":"Di\u00f3cesis de Ciudad Rodrigo"},"image":{"@id":"https:\/\/www.diocesisciudadrodrigo.org\/blog4\/#\/schema\/logo\/image\/"},"sameAs":["https:\/\/www.facebook.com\/people\/Dicesis-Ciudad-Rodrigo-MCS\/100076471923419\/#"]}]}},"_links":{"self":[{"href":"https:\/\/www.diocesisciudadrodrigo.org\/blog4\/wp-json\/wp\/v2\/pages\/83","targetHints":{"allow":["GET"]}}],"collection":[{"href":"https:\/\/www.diocesisciudadrodrigo.org\/blog4\/wp-json\/wp\/v2\/pages"}],"about":[{"href":"https:\/\/www.diocesisciudadrodrigo.org\/blog4\/wp-json\/wp\/v2\/types\/page"}],"author":[{"embeddable":true,"href":"https:\/\/www.diocesisciudadrodrigo.org\/blog4\/wp-json\/wp\/v2\/users\/1"}],"replies":[{"embeddable":true,"href":"https:\/\/www.diocesisciudadrodrigo.org\/blog4\/wp-json\/wp\/v2\/comments?post=83"}],"version-history":[{"count":6,"href":"https:\/\/www.diocesisciudadrodrigo.org\/blog4\/wp-json\/wp\/v2\/pages\/83\/revisions"}],"predecessor-version":[{"id":28669,"href":"https:\/\/www.diocesisciudadrodrigo.org\/blog4\/wp-json\/wp\/v2\/pages\/83\/revisions\/28669"}],"up":[{"embeddable":true,"href":"https:\/\/www.diocesisciudadrodrigo.org\/blog4\/wp-json\/wp\/v2\/pages\/7927"}],"wp:attachment":[{"href":"https:\/\/www.diocesisciudadrodrigo.org\/blog4\/wp-json\/wp\/v2\/media?parent=83"}],"curies":[{"name":"wp","href":"https:\/\/api.w.org\/{rel}","templated":true}]}}