{"id":704,"date":"2012-11-20T12:15:29","date_gmt":"2012-11-20T12:15:29","guid":{"rendered":"http:\/\/www.diocesisciudadrodrigo.org\/blog3\/?page_id=704"},"modified":"2019-05-07T13:48:17","modified_gmt":"2019-05-07T11:48:17","slug":"catequesis","status":"publish","type":"page","link":"https:\/\/www.diocesisciudadrodrigo.org\/blog4\/delegaciones\/catequesis\/","title":{"rendered":"Catequesis"},"content":{"rendered":"\t\t<div data-elementor-type=\"wp-post\" data-elementor-id=\"704\" class=\"elementor elementor-704\" data-elementor-settings=\"[]\">\n\t\t\t\t\t\t<div class=\"elementor-inner\">\n\t\t\t\t\t\t\t<div class=\"elementor-section-wrap\">\n\t\t\t\t\t\t\t<section class=\"elementor-section elementor-top-section elementor-element elementor-element-f1dc75f elementor-section-boxed elementor-section-height-default elementor-section-height-default\" data-id=\"f1dc75f\" data-element_type=\"section\">\n\t\t\t\t\t\t<div class=\"elementor-container elementor-column-gap-default\">\n\t\t\t\t\t\t\t<div class=\"elementor-row\">\n\t\t\t\t\t<div class=\"elementor-column elementor-col-100 elementor-top-column elementor-element elementor-element-ec5f3ed\" data-id=\"ec5f3ed\" data-element_type=\"column\">\n\t\t\t<div class=\"elementor-column-wrap elementor-element-populated\">\n\t\t\t\t\t\t\t<div class=\"elementor-widget-wrap\">\n\t\t\t\t\t\t<div class=\"elementor-element elementor-element-2a525e6 elementor-widget elementor-widget-heading\" data-id=\"2a525e6\" data-element_type=\"widget\" data-widget_type=\"heading.default\">\n\t\t\t\t<div class=\"elementor-widget-container\">\n\t\t\t<h2 class=\"elementor-heading-title elementor-size-default\">Delegaci\u00f3n Diocesana de Catequesis<\/h2>\t\t<\/div>\n\t\t\t\t<\/div>\n\t\t\t\t\t\t<\/div>\n\t\t\t\t\t<\/div>\n\t\t<\/div>\n\t\t\t\t\t\t\t\t<\/div>\n\t\t\t\t\t<\/div>\n\t\t<\/section>\n\t\t\t\t<section class=\"elementor-section elementor-top-section elementor-element elementor-element-d71ddbd elementor-section-boxed elementor-section-height-default elementor-section-height-default\" data-id=\"d71ddbd\" data-element_type=\"section\">\n\t\t\t\t\t\t<div class=\"elementor-container elementor-column-gap-default\">\n\t\t\t\t\t\t\t<div class=\"elementor-row\">\n\t\t\t\t\t<div class=\"elementor-column elementor-col-50 elementor-top-column elementor-element elementor-element-c8e7ca1\" data-id=\"c8e7ca1\" data-element_type=\"column\">\n\t\t\t<div class=\"elementor-column-wrap elementor-element-populated\">\n\t\t\t\t\t\t\t<div class=\"elementor-widget-wrap\">\n\t\t\t\t\t\t<div class=\"elementor-element elementor-element-6157898c elementor-widget elementor-widget-text-editor\" data-id=\"6157898c\" data-element_type=\"widget\" data-widget_type=\"text-editor.default\">\n\t\t\t\t<div class=\"elementor-widget-container\">\n\t\t\t\t\t\t\t\t<div class=\"elementor-text-editor elementor-clearfix\">\n\t\t\t\t<p>La Delegaci\u00f3n Diocesana de Catequesis es un instrumento que utiliza el obispo \u2014cabeza de la comunidad y maestro de la doctrina\u2014 para promover, programar, supervisar y coordinar la oferta catequ\u00e9tica global de la Di\u00f3cesis como formaci\u00f3n org\u00e1nica y b\u00e1sica de la fe dirigida a todo el Pueblo de Dios en sus diferentes etapas vitales y circunstancias personales, de forma que pueda hablarse de un Proyecto diocesano de catequesis.<\/p><p style=\"text-align: justify;\">Esta Delegaci\u00f3n cuida que todos los procesos catequ\u00e9ticos, tanto de ni\u00f1os como de adolescentes, j\u00f3venes y adultos sirvan a la educaci\u00f3n de las diferentes dimensiones de la fe en una verdadera formaci\u00f3n cristiana integral que abarca:<\/p><ul><li>1.\u00ba La comprensi\u00f3n paulatina de toda la verdad del designio divino, introduciendo a los disc\u00edpulos de Jesucristo en el conocimiento de la Tradici\u00f3n y de la Escritura.<\/li><li>2.\u00ba El conocimiento del significado de la liturgia y de los sacramentos para que pueda existir en los fieles una aut\u00e9ntica vida lit\u00fargica en conformidad con su sacerdocio bautismal.<\/li><li>3.\u00ba La conversi\u00f3n personal a Jesucristo, inculcando en los destinatarios las actitudes propias del Maestro y dando lugar a una asunci\u00f3n progresiva en su vida del obrar moral que se deriva del Dec\u00e1logo penetrado por el esp\u00edritu de las Bienaventuranzas.<\/li><li>4.\u00ba La comuni\u00f3n con Jesucristo, asumiendo el car\u00e1cter orante y contemplativo del Se\u00f1or.<\/li><li>5.\u00ba La capacitaci\u00f3n para vivir en comunidad y para cooperar activa y eficazmente en la vida y misi\u00f3n de la Iglesia.<\/li><\/ul><p>Adem\u00e1s la Delegaci\u00f3n:<\/p><ul><li>a) Presenta a las parroquias y dem\u00e1s centros en los que se imparta catequesis los instrumentos que sean necesarios para el trabajo catequ\u00e9tico: catecismos, directorios, programas para las diversas edades, gu\u00edas para catequistas, materiales para uso de los catequizandos, medios audiovisuales y otros.<\/li><li>b) Impulsa y coordina la elaboraci\u00f3n de materiales catequ\u00e9ticos diocesanos, en perfecta sinton\u00eda con el Catecismo de la Iglesia Cat\u00f3lica y con el Directorio General para la Catequesis, teniendo en cuenta las condiciones de vida urbana y extraurbana, los modelos de referencia dominantes derivados del influjo de la secularizaci\u00f3n y las tendencias culturalmente significativas.<\/li><li>c) Vela porque, junto a los procesos catequ\u00e9ticos para ni\u00f1os, adolescentes y j\u00f3venes \u2014en \u00edntima conexi\u00f3n con los sacramentos de iniciaci\u00f3n\u2014, no falten en la Di\u00f3cesis procesos de catequesis dirigidos especialmente a:<\/li><\/ul><p style=\"padding-left: 90px;\">1.\u00ba Adultos que necesiten fundamentar su fe, realizando o completando la iniciaci\u00f3n cristiana inaugurada por el Bautismo.<br \/>2.\u00ba Adultos que no han recibido el Bautismo y que desean incorporarse a la Iglesia.<br \/>3.\u00ba Las personas que viven en situaciones de marginaci\u00f3n o pr\u00f3ximas a ella.<\/p><h3><strong>UNAS TAREAS PRINCIPALES<\/strong><\/h3><ul><li>a. Atender a las realidades concretas y nuevas, partiendo de un an\u00e1lisis de la situaci\u00f3n diocesana acerca de la educaci\u00f3n de la fe.<\/li><li>b. Elaborar un programa de acci\u00f3n, una catequesis como proceso que se\u00f1ala objetivos, propone orientaciones e indica acciones.<\/li><li>c. Organizar y promover las instituciones espec\u00edficamente catequ\u00e9ticas para mejor servicio de la educaci\u00f3n en la fe.<\/li><li>d. Suscitar catequistas y promover su formaci\u00f3n alentando o creando centros oportunos.<\/li><li>e. Elaborar y se\u00f1alar los instrumentos necesarios para el trabajo catequ\u00e9tico.<\/li><li>f. Coordinar la acci\u00f3n catequ\u00e9tica y colaborar con las delegaciones de liturgia, ense\u00f1anza, familia, pastoral juvenil y en especial con las delegaciones de catequesis de la Iglesia en Castilla.<\/li><li>g. Estar al servicio del plan diocesano de pastoral.<\/li><\/ul>\t\t\t\t\t<\/div>\n\t\t\t\t\t\t<\/div>\n\t\t\t\t<\/div>\n\t\t\t\t\t\t<\/div>\n\t\t\t\t\t<\/div>\n\t\t<\/div>\n\t\t\t\t<div class=\"elementor-column elementor-col-50 elementor-top-column elementor-element elementor-element-f08502f\" data-id=\"f08502f\" data-element_type=\"column\">\n\t\t\t<div class=\"elementor-column-wrap elementor-element-populated\">\n\t\t\t\t\t\t\t<div class=\"elementor-widget-wrap\">\n\t\t\t\t\t\t<div class=\"elementor-element elementor-element-242fabf elementor-widget elementor-widget-image\" data-id=\"242fabf\" data-element_type=\"widget\" data-widget_type=\"image.default\">\n\t\t\t\t<div class=\"elementor-widget-container\">\n\t\t\t\t\t\t\t\t<div class=\"elementor-image\">\n\t\t\t\t\t\t\t\t\t\t\t\t<img loading=\"lazy\" decoding=\"async\" width=\"1024\" height=\"537\" src=\"https:\/\/www.diocesisciudadrodrigo.org\/blog4\/wp-content\/uploads\/2019\/05\/cate03-1024x537.png\" class=\"attachment-large size-large\" alt=\"\" srcset=\"https:\/\/www.diocesisciudadrodrigo.org\/blog4\/wp-content\/uploads\/2019\/05\/cate03-1024x537.png 1024w, https:\/\/www.diocesisciudadrodrigo.org\/blog4\/wp-content\/uploads\/2019\/05\/cate03-300x157.png 300w, https:\/\/www.diocesisciudadrodrigo.org\/blog4\/wp-content\/uploads\/2019\/05\/cate03-768x402.png 768w, https:\/\/www.diocesisciudadrodrigo.org\/blog4\/wp-content\/uploads\/2019\/05\/cate03-350x183.png 350w, https:\/\/www.diocesisciudadrodrigo.org\/blog4\/wp-content\/uploads\/2019\/05\/cate03.png 1080w\" sizes=\"auto, (max-width: 1024px) 100vw, 1024px\" \/>\t\t\t\t\t\t\t\t\t\t\t\t\t\t<\/div>\n\t\t\t\t\t\t<\/div>\n\t\t\t\t<\/div>\n\t\t\t\t<div class=\"elementor-element elementor-element-2a4f5f6 elementor-widget elementor-widget-image\" data-id=\"2a4f5f6\" data-element_type=\"widget\" data-widget_type=\"image.default\">\n\t\t\t\t<div class=\"elementor-widget-container\">\n\t\t\t\t\t\t\t\t<div class=\"elementor-image\">\n\t\t\t\t\t\t\t\t\t\t\t\t<img loading=\"lazy\" decoding=\"async\" width=\"770\" height=\"1024\" src=\"https:\/\/www.diocesisciudadrodrigo.org\/blog4\/wp-content\/uploads\/2019\/05\/firmesenlafecolor-770x1024.jpg\" class=\"attachment-large size-large\" alt=\"\" srcset=\"https:\/\/www.diocesisciudadrodrigo.org\/blog4\/wp-content\/uploads\/2019\/05\/firmesenlafecolor.jpg 770w, https:\/\/www.diocesisciudadrodrigo.org\/blog4\/wp-content\/uploads\/2019\/05\/firmesenlafecolor-226x300.jpg 226w, https:\/\/www.diocesisciudadrodrigo.org\/blog4\/wp-content\/uploads\/2019\/05\/firmesenlafecolor-768x1021.jpg 768w, https:\/\/www.diocesisciudadrodrigo.org\/blog4\/wp-content\/uploads\/2019\/05\/firmesenlafecolor-350x465.jpg 350w\" sizes=\"auto, (max-width: 770px) 100vw, 770px\" \/>\t\t\t\t\t\t\t\t\t\t\t\t\t\t<\/div>\n\t\t\t\t\t\t<\/div>\n\t\t\t\t<\/div>\n\t\t\t\t<div class=\"elementor-element elementor-element-ef4ce7d elementor-widget elementor-widget-text-editor\" data-id=\"ef4ce7d\" data-element_type=\"widget\" data-widget_type=\"text-editor.default\">\n\t\t\t\t<div class=\"elementor-widget-container\">\n\t\t\t\t\t\t\t\t<div class=\"elementor-text-editor elementor-clearfix\">\n\t\t\t\t<p>Delegadas: Hermanas de la Compa\u00f1\u00eda de Santa Teresa de Jes\u00fas<\/p><p>Consiliario: D. Vidal Rodr\u00edguez<\/p><p>Diez Taravilla, 15<br \/>37500 Ciudad Rodrigo<\/p><p>Correo electr\u00f3nico: v.rodriguez@diocesisciudadrodrigo.org<\/p><p>Tel\u00e9fono 923 460843<\/p><p>Fax 923 463028<\/p>\t\t\t\t\t<\/div>\n\t\t\t\t\t\t<\/div>\n\t\t\t\t<\/div>\n\t\t\t\t\t\t<\/div>\n\t\t\t\t\t<\/div>\n\t\t<\/div>\n\t\t\t\t\t\t\t\t<\/div>\n\t\t\t\t\t<\/div>\n\t\t<\/section>\n\t\t\t\t\t\t<\/div>\n\t\t\t\t\t\t<\/div>\n\t\t\t\t\t<\/div>\n\t\t","protected":false},"excerpt":{"rendered":"<p>Delegaci\u00f3n Diocesana de Catequesis La Delegaci\u00f3n Diocesana de Catequesis es un instrumento que utiliza el obispo \u2014cabeza de la comunidad y maestro de la doctrina\u2014 para promover, programar, supervisar y &#8230; <\/p>\n<p class=\"read-more-container\"><a title=\"Catequesis\" class=\"read-more button\" href=\"https:\/\/www.diocesisciudadrodrigo.org\/blog4\/delegaciones\/catequesis\/#more-704\" aria-label=\"M\u00e1s en Catequesis\">Leer m\u00e1s &#8230;<\/a><\/p>\n","protected":false},"author":1,"featured_media":0,"parent":7927,"menu_order":9,"comment_status":"closed","ping_status":"closed","template":"","meta":{"footnotes":""},"class_list":["post-704","page","type-page","status-publish"],"yoast_head":"<!-- This site is optimized with the Yoast SEO plugin v27.3 - https:\/\/yoast.com\/product\/yoast-seo-wordpress\/ -->\n<title>Catequesis - Di\u00f3cesis de Ciudad Rodrigo<\/title>\n<meta name=\"robots\" content=\"index, follow, max-snippet:-1, max-image-preview:large, max-video-preview:-1\" \/>\n<link rel=\"canonical\" href=\"https:\/\/www.diocesisciudadrodrigo.org\/blog4\/delegaciones\/catequesis\/\" \/>\n<meta property=\"og:locale\" content=\"es_ES\" \/>\n<meta property=\"og:type\" content=\"article\" \/>\n<meta property=\"og:title\" content=\"Catequesis - Di\u00f3cesis de Ciudad Rodrigo\" \/>\n<meta property=\"og:description\" content=\"Delegaci\u00f3n Diocesana de Catequesis La Delegaci\u00f3n Diocesana de Catequesis es un instrumento que utiliza el obispo \u2014cabeza de la comunidad y maestro de la doctrina\u2014 para promover, programar, supervisar y ... Leer m\u00e1s ...\" \/>\n<meta property=\"og:url\" content=\"https:\/\/www.diocesisciudadrodrigo.org\/blog4\/delegaciones\/catequesis\/\" \/>\n<meta property=\"og:site_name\" content=\"Di\u00f3cesis de Ciudad Rodrigo\" \/>\n<meta property=\"article:publisher\" content=\"https:\/\/www.facebook.com\/people\/Dicesis-Ciudad-Rodrigo-MCS\/100076471923419\/#\" \/>\n<meta property=\"article:modified_time\" content=\"2019-05-07T11:48:17+00:00\" \/>\n<meta property=\"og:image\" content=\"http:\/\/www.diocesisciudadrodrigo.org\/blog4\/wp-content\/uploads\/2019\/05\/cate03-1024x537.png\" \/>\n<meta name=\"twitter:card\" content=\"summary_large_image\" \/>\n<meta name=\"twitter:label1\" content=\"Tiempo de lectura\" \/>\n\t<meta name=\"twitter:data1\" content=\"3 minutos\" \/>\n<script type=\"application\/ld+json\" class=\"yoast-schema-graph\">{\"@context\":\"https:\\\/\\\/schema.org\",\"@graph\":[{\"@type\":\"WebPage\",\"@id\":\"https:\\\/\\\/www.diocesisciudadrodrigo.org\\\/blog4\\\/delegaciones\\\/catequesis\\\/\",\"url\":\"https:\\\/\\\/www.diocesisciudadrodrigo.org\\\/blog4\\\/delegaciones\\\/catequesis\\\/\",\"name\":\"Catequesis - Di\u00f3cesis de Ciudad Rodrigo\",\"isPartOf\":{\"@id\":\"https:\\\/\\\/www.diocesisciudadrodrigo.org\\\/blog4\\\/#website\"},\"primaryImageOfPage\":{\"@id\":\"https:\\\/\\\/www.diocesisciudadrodrigo.org\\\/blog4\\\/delegaciones\\\/catequesis\\\/#primaryimage\"},\"image\":{\"@id\":\"https:\\\/\\\/www.diocesisciudadrodrigo.org\\\/blog4\\\/delegaciones\\\/catequesis\\\/#primaryimage\"},\"thumbnailUrl\":\"http:\\\/\\\/www.diocesisciudadrodrigo.org\\\/blog4\\\/wp-content\\\/uploads\\\/2019\\\/05\\\/cate03-1024x537.png\",\"datePublished\":\"2012-11-20T12:15:29+00:00\",\"dateModified\":\"2019-05-07T11:48:17+00:00\",\"breadcrumb\":{\"@id\":\"https:\\\/\\\/www.diocesisciudadrodrigo.org\\\/blog4\\\/delegaciones\\\/catequesis\\\/#breadcrumb\"},\"inLanguage\":\"es\",\"potentialAction\":[{\"@type\":\"ReadAction\",\"target\":[\"https:\\\/\\\/www.diocesisciudadrodrigo.org\\\/blog4\\\/delegaciones\\\/catequesis\\\/\"]}]},{\"@type\":\"ImageObject\",\"inLanguage\":\"es\",\"@id\":\"https:\\\/\\\/www.diocesisciudadrodrigo.org\\\/blog4\\\/delegaciones\\\/catequesis\\\/#primaryimage\",\"url\":\"http:\\\/\\\/www.diocesisciudadrodrigo.org\\\/blog4\\\/wp-content\\\/uploads\\\/2019\\\/05\\\/cate03-1024x537.png\",\"contentUrl\":\"http:\\\/\\\/www.diocesisciudadrodrigo.org\\\/blog4\\\/wp-content\\\/uploads\\\/2019\\\/05\\\/cate03-1024x537.png\"},{\"@type\":\"BreadcrumbList\",\"@id\":\"https:\\\/\\\/www.diocesisciudadrodrigo.org\\\/blog4\\\/delegaciones\\\/catequesis\\\/#breadcrumb\",\"itemListElement\":[{\"@type\":\"ListItem\",\"position\":1,\"name\":\"Portada\",\"item\":\"https:\\\/\\\/www.diocesisciudadrodrigo.org\\\/blog4\\\/\"},{\"@type\":\"ListItem\",\"position\":2,\"name\":\"Delegaciones\",\"item\":\"https:\\\/\\\/www.diocesisciudadrodrigo.org\\\/blog4\\\/delegaciones\\\/\"},{\"@type\":\"ListItem\",\"position\":3,\"name\":\"Catequesis\"}]},{\"@type\":\"WebSite\",\"@id\":\"https:\\\/\\\/www.diocesisciudadrodrigo.org\\\/blog4\\\/#website\",\"url\":\"https:\\\/\\\/www.diocesisciudadrodrigo.org\\\/blog4\\\/\",\"name\":\"Di\u00f3cesis de Ciudad Rodrigo\",\"description\":\"Sitio web oficial de la di\u00f3cesis civitatense\",\"publisher\":{\"@id\":\"https:\\\/\\\/www.diocesisciudadrodrigo.org\\\/blog4\\\/#organization\"},\"potentialAction\":[{\"@type\":\"SearchAction\",\"target\":{\"@type\":\"EntryPoint\",\"urlTemplate\":\"https:\\\/\\\/www.diocesisciudadrodrigo.org\\\/blog4\\\/?s={search_term_string}\"},\"query-input\":{\"@type\":\"PropertyValueSpecification\",\"valueRequired\":true,\"valueName\":\"search_term_string\"}}],\"inLanguage\":\"es\"},{\"@type\":\"Organization\",\"@id\":\"https:\\\/\\\/www.diocesisciudadrodrigo.org\\\/blog4\\\/#organization\",\"name\":\"Di\u00f3cesis de Ciudad Rodrigo\",\"url\":\"https:\\\/\\\/www.diocesisciudadrodrigo.org\\\/blog4\\\/\",\"logo\":{\"@type\":\"ImageObject\",\"inLanguage\":\"es\",\"@id\":\"https:\\\/\\\/www.diocesisciudadrodrigo.org\\\/blog4\\\/#\\\/schema\\\/logo\\\/image\\\/\",\"url\":\"https:\\\/\\\/www.diocesisciudadrodrigo.org\\\/blog4\\\/wp-content\\\/uploads\\\/2024\\\/12\\\/Diocesis.CMYK_-768x480-1.jpg\",\"contentUrl\":\"https:\\\/\\\/www.diocesisciudadrodrigo.org\\\/blog4\\\/wp-content\\\/uploads\\\/2024\\\/12\\\/Diocesis.CMYK_-768x480-1.jpg\",\"width\":768,\"height\":480,\"caption\":\"Di\u00f3cesis de Ciudad Rodrigo\"},\"image\":{\"@id\":\"https:\\\/\\\/www.diocesisciudadrodrigo.org\\\/blog4\\\/#\\\/schema\\\/logo\\\/image\\\/\"},\"sameAs\":[\"https:\\\/\\\/www.facebook.com\\\/people\\\/Dicesis-Ciudad-Rodrigo-MCS\\\/100076471923419\\\/#\"]}]}<\/script>\n<!-- \/ Yoast SEO plugin. -->","yoast_head_json":{"title":"Catequesis - Di\u00f3cesis de Ciudad Rodrigo","robots":{"index":"index","follow":"follow","max-snippet":"max-snippet:-1","max-image-preview":"max-image-preview:large","max-video-preview":"max-video-preview:-1"},"canonical":"https:\/\/www.diocesisciudadrodrigo.org\/blog4\/delegaciones\/catequesis\/","og_locale":"es_ES","og_type":"article","og_title":"Catequesis - Di\u00f3cesis de Ciudad Rodrigo","og_description":"Delegaci\u00f3n Diocesana de Catequesis La Delegaci\u00f3n Diocesana de Catequesis es un instrumento que utiliza el obispo \u2014cabeza de la comunidad y maestro de la doctrina\u2014 para promover, programar, supervisar y ... Leer m\u00e1s ...","og_url":"https:\/\/www.diocesisciudadrodrigo.org\/blog4\/delegaciones\/catequesis\/","og_site_name":"Di\u00f3cesis de Ciudad Rodrigo","article_publisher":"https:\/\/www.facebook.com\/people\/Dicesis-Ciudad-Rodrigo-MCS\/100076471923419\/#","article_modified_time":"2019-05-07T11:48:17+00:00","og_image":[{"url":"http:\/\/www.diocesisciudadrodrigo.org\/blog4\/wp-content\/uploads\/2019\/05\/cate03-1024x537.png","type":"","width":"","height":""}],"twitter_card":"summary_large_image","twitter_misc":{"Tiempo de lectura":"3 minutos"},"schema":{"@context":"https:\/\/schema.org","@graph":[{"@type":"WebPage","@id":"https:\/\/www.diocesisciudadrodrigo.org\/blog4\/delegaciones\/catequesis\/","url":"https:\/\/www.diocesisciudadrodrigo.org\/blog4\/delegaciones\/catequesis\/","name":"Catequesis - Di\u00f3cesis de Ciudad Rodrigo","isPartOf":{"@id":"https:\/\/www.diocesisciudadrodrigo.org\/blog4\/#website"},"primaryImageOfPage":{"@id":"https:\/\/www.diocesisciudadrodrigo.org\/blog4\/delegaciones\/catequesis\/#primaryimage"},"image":{"@id":"https:\/\/www.diocesisciudadrodrigo.org\/blog4\/delegaciones\/catequesis\/#primaryimage"},"thumbnailUrl":"http:\/\/www.diocesisciudadrodrigo.org\/blog4\/wp-content\/uploads\/2019\/05\/cate03-1024x537.png","datePublished":"2012-11-20T12:15:29+00:00","dateModified":"2019-05-07T11:48:17+00:00","breadcrumb":{"@id":"https:\/\/www.diocesisciudadrodrigo.org\/blog4\/delegaciones\/catequesis\/#breadcrumb"},"inLanguage":"es","potentialAction":[{"@type":"ReadAction","target":["https:\/\/www.diocesisciudadrodrigo.org\/blog4\/delegaciones\/catequesis\/"]}]},{"@type":"ImageObject","inLanguage":"es","@id":"https:\/\/www.diocesisciudadrodrigo.org\/blog4\/delegaciones\/catequesis\/#primaryimage","url":"http:\/\/www.diocesisciudadrodrigo.org\/blog4\/wp-content\/uploads\/2019\/05\/cate03-1024x537.png","contentUrl":"http:\/\/www.diocesisciudadrodrigo.org\/blog4\/wp-content\/uploads\/2019\/05\/cate03-1024x537.png"},{"@type":"BreadcrumbList","@id":"https:\/\/www.diocesisciudadrodrigo.org\/blog4\/delegaciones\/catequesis\/#breadcrumb","itemListElement":[{"@type":"ListItem","position":1,"name":"Portada","item":"https:\/\/www.diocesisciudadrodrigo.org\/blog4\/"},{"@type":"ListItem","position":2,"name":"Delegaciones","item":"https:\/\/www.diocesisciudadrodrigo.org\/blog4\/delegaciones\/"},{"@type":"ListItem","position":3,"name":"Catequesis"}]},{"@type":"WebSite","@id":"https:\/\/www.diocesisciudadrodrigo.org\/blog4\/#website","url":"https:\/\/www.diocesisciudadrodrigo.org\/blog4\/","name":"Di\u00f3cesis de Ciudad Rodrigo","description":"Sitio web oficial de la di\u00f3cesis civitatense","publisher":{"@id":"https:\/\/www.diocesisciudadrodrigo.org\/blog4\/#organization"},"potentialAction":[{"@type":"SearchAction","target":{"@type":"EntryPoint","urlTemplate":"https:\/\/www.diocesisciudadrodrigo.org\/blog4\/?s={search_term_string}"},"query-input":{"@type":"PropertyValueSpecification","valueRequired":true,"valueName":"search_term_string"}}],"inLanguage":"es"},{"@type":"Organization","@id":"https:\/\/www.diocesisciudadrodrigo.org\/blog4\/#organization","name":"Di\u00f3cesis de Ciudad Rodrigo","url":"https:\/\/www.diocesisciudadrodrigo.org\/blog4\/","logo":{"@type":"ImageObject","inLanguage":"es","@id":"https:\/\/www.diocesisciudadrodrigo.org\/blog4\/#\/schema\/logo\/image\/","url":"https:\/\/www.diocesisciudadrodrigo.org\/blog4\/wp-content\/uploads\/2024\/12\/Diocesis.CMYK_-768x480-1.jpg","contentUrl":"https:\/\/www.diocesisciudadrodrigo.org\/blog4\/wp-content\/uploads\/2024\/12\/Diocesis.CMYK_-768x480-1.jpg","width":768,"height":480,"caption":"Di\u00f3cesis de Ciudad Rodrigo"},"image":{"@id":"https:\/\/www.diocesisciudadrodrigo.org\/blog4\/#\/schema\/logo\/image\/"},"sameAs":["https:\/\/www.facebook.com\/people\/Dicesis-Ciudad-Rodrigo-MCS\/100076471923419\/#"]}]}},"_links":{"self":[{"href":"https:\/\/www.diocesisciudadrodrigo.org\/blog4\/wp-json\/wp\/v2\/pages\/704","targetHints":{"allow":["GET"]}}],"collection":[{"href":"https:\/\/www.diocesisciudadrodrigo.org\/blog4\/wp-json\/wp\/v2\/pages"}],"about":[{"href":"https:\/\/www.diocesisciudadrodrigo.org\/blog4\/wp-json\/wp\/v2\/types\/page"}],"author":[{"embeddable":true,"href":"https:\/\/www.diocesisciudadrodrigo.org\/blog4\/wp-json\/wp\/v2\/users\/1"}],"replies":[{"embeddable":true,"href":"https:\/\/www.diocesisciudadrodrigo.org\/blog4\/wp-json\/wp\/v2\/comments?post=704"}],"version-history":[{"count":4,"href":"https:\/\/www.diocesisciudadrodrigo.org\/blog4\/wp-json\/wp\/v2\/pages\/704\/revisions"}],"predecessor-version":[{"id":9582,"href":"https:\/\/www.diocesisciudadrodrigo.org\/blog4\/wp-json\/wp\/v2\/pages\/704\/revisions\/9582"}],"up":[{"embeddable":true,"href":"https:\/\/www.diocesisciudadrodrigo.org\/blog4\/wp-json\/wp\/v2\/pages\/7927"}],"wp:attachment":[{"href":"https:\/\/www.diocesisciudadrodrigo.org\/blog4\/wp-json\/wp\/v2\/media?parent=704"}],"curies":[{"name":"wp","href":"https:\/\/api.w.org\/{rel}","templated":true}]}}