{"id":5086,"date":"2016-10-10T15:48:06","date_gmt":"2016-10-10T15:48:06","guid":{"rendered":"http:\/\/www.diocesisciudadrodrigo.org\/blog3\/?page_id=5086"},"modified":"2019-05-07T14:46:28","modified_gmt":"2019-05-07T12:46:28","slug":"delegacion-de-apostolado-en-carretera","status":"publish","type":"page","link":"https:\/\/www.diocesisciudadrodrigo.org\/blog4\/delegaciones\/delegacion-de-apostolado-en-carretera\/","title":{"rendered":"Apostolado en Carretera"},"content":{"rendered":"\t\t<div data-elementor-type=\"wp-post\" data-elementor-id=\"5086\" class=\"elementor elementor-5086\" data-elementor-settings=\"[]\">\n\t\t\t\t\t\t<div class=\"elementor-inner\">\n\t\t\t\t\t\t\t<div class=\"elementor-section-wrap\">\n\t\t\t\t\t\t\t<section class=\"elementor-section elementor-top-section elementor-element elementor-element-a184ccc elementor-section-boxed elementor-section-height-default elementor-section-height-default\" data-id=\"a184ccc\" data-element_type=\"section\">\n\t\t\t\t\t\t<div class=\"elementor-container elementor-column-gap-default\">\n\t\t\t\t\t\t\t<div class=\"elementor-row\">\n\t\t\t\t\t<div class=\"elementor-column elementor-col-50 elementor-top-column elementor-element elementor-element-8ac9257\" data-id=\"8ac9257\" data-element_type=\"column\">\n\t\t\t<div class=\"elementor-column-wrap elementor-element-populated\">\n\t\t\t\t\t\t\t<div class=\"elementor-widget-wrap\">\n\t\t\t\t\t\t<div class=\"elementor-element elementor-element-6ecd0214 elementor-widget elementor-widget-text-editor\" data-id=\"6ecd0214\" data-element_type=\"widget\" data-widget_type=\"text-editor.default\">\n\t\t\t\t<div class=\"elementor-widget-container\">\n\t\t\t\t\t\t\t\t<div class=\"elementor-text-editor elementor-clearfix\">\n\t\t\t\t<blockquote><p>Delegado: D. Joaqu\u00edn Gal\u00e1n Pino.<br \/>C\/D\u00edez Taravilla 15<br \/>37500 \u2013 Ciudad Rodrigo<br \/>(Salamanca)<br \/>Tel\u00e9fono.- 923 46 08 43<\/p><\/blockquote><p>Esta Delegaci\u00f3n, unida siempre de Apostolado, es un organismo de la Iglesia Diocesana. Su fin es transmitir, difundir, concretar y llevar a la pr\u00e1ctica seg\u00fan el objetivo de este Apostolado en Carretera, unido siempre al de la di\u00f3cesis correspondiente.<\/p><p>Esta delegaci\u00f3n no es una asociaci\u00f3n m\u00e1s sino un lugar de encuentro y coordinaci\u00f3n de todo aquello que sirva al bien com\u00fan del movimiento del apostolado en caminos y carreteras en todos sus problemas.<\/p><p><strong>\u00bfCu\u00e1l es su misi\u00f3n espec\u00edfica?<\/strong><\/p><p>-Despertar y mantener el objetivo de la Pastoral Diocesana.<\/p><p>-Coordinar y fomentar este aspostolado de la carretera.<\/p><p>-Ser cauces de los servicios religiosos y humanos de este Aspostolado.<\/p><p>-Ser lugar de encuentros con los grupos de tr\u00e1fico y sanitarios. Acogida y escucha hacia todos los accidentes entregando nuestra cercan\u00eda y todo nuestro generoso cari\u00f1o.<\/p><p><span style=\"text-decoration: underline;\">Como consecuencia <\/span>\u00abEst\u00e1 comprobado que una de las ra\u00edces de muchos problemas inherentes al tr\u00e1fico es de orden espiritual. Los creyentes encontrar\u00e1n claras soluciones de sus problemas a trav\u00e9s de este Apostolado de la Carretera y un servicio a favor de la vida\u00bb. En este punto entran todos los aspectos morales, en la convivencia y otras. Necesario es el dominio de la prudencia y el servicio solidario. Las normas de circulaci\u00f3n obligan en conciencia.<\/p>\t\t\t\t\t<\/div>\n\t\t\t\t\t\t<\/div>\n\t\t\t\t<\/div>\n\t\t\t\t\t\t<\/div>\n\t\t\t\t\t<\/div>\n\t\t<\/div>\n\t\t\t\t<div class=\"elementor-column elementor-col-50 elementor-top-column elementor-element elementor-element-4a65b1e\" data-id=\"4a65b1e\" data-element_type=\"column\">\n\t\t\t<div class=\"elementor-column-wrap elementor-element-populated\">\n\t\t\t\t\t\t\t<div class=\"elementor-widget-wrap\">\n\t\t\t\t\t\t<div class=\"elementor-element elementor-element-f81b5ff elementor-widget elementor-widget-image\" data-id=\"f81b5ff\" data-element_type=\"widget\" data-widget_type=\"image.default\">\n\t\t\t\t<div class=\"elementor-widget-container\">\n\t\t\t\t\t\t\t\t<div class=\"elementor-image\">\n\t\t\t\t\t\t\t\t\t\t\t\t<img loading=\"lazy\" decoding=\"async\" width=\"683\" height=\"1024\" src=\"https:\/\/www.diocesisciudadrodrigo.org\/blog4\/wp-content\/uploads\/2019\/05\/apos_carretera-683x1024.png\" class=\"attachment-large size-large\" alt=\"\" srcset=\"https:\/\/www.diocesisciudadrodrigo.org\/blog4\/wp-content\/uploads\/2019\/05\/apos_carretera-683x1024.png 683w, https:\/\/www.diocesisciudadrodrigo.org\/blog4\/wp-content\/uploads\/2019\/05\/apos_carretera-200x300.png 200w, https:\/\/www.diocesisciudadrodrigo.org\/blog4\/wp-content\/uploads\/2019\/05\/apos_carretera-350x525.png 350w, https:\/\/www.diocesisciudadrodrigo.org\/blog4\/wp-content\/uploads\/2019\/05\/apos_carretera.png 735w\" sizes=\"auto, (max-width: 683px) 100vw, 683px\" \/>\t\t\t\t\t\t\t\t\t\t\t\t\t\t<\/div>\n\t\t\t\t\t\t<\/div>\n\t\t\t\t<\/div>\n\t\t\t\t\t\t<\/div>\n\t\t\t\t\t<\/div>\n\t\t<\/div>\n\t\t\t\t\t\t\t\t<\/div>\n\t\t\t\t\t<\/div>\n\t\t<\/section>\n\t\t\t\t<section class=\"elementor-section elementor-top-section elementor-element elementor-element-54d6409 elementor-section-boxed elementor-section-height-default elementor-section-height-default\" data-id=\"54d6409\" data-element_type=\"section\">\n\t\t\t\t\t\t<div class=\"elementor-container elementor-column-gap-default\">\n\t\t\t\t\t\t\t<div class=\"elementor-row\">\n\t\t\t\t\t<div class=\"elementor-column elementor-col-100 elementor-top-column elementor-element elementor-element-100d5597\" data-id=\"100d5597\" data-element_type=\"column\">\n\t\t\t<div class=\"elementor-column-wrap\">\n\t\t\t\t\t\t\t<div class=\"elementor-widget-wrap\">\n\t\t\t\t\t\t\t\t<\/div>\n\t\t\t\t\t<\/div>\n\t\t<\/div>\n\t\t\t\t\t\t\t\t<\/div>\n\t\t\t\t\t<\/div>\n\t\t<\/section>\n\t\t\t\t\t\t<\/div>\n\t\t\t\t\t\t<\/div>\n\t\t\t\t\t<\/div>\n\t\t","protected":false},"excerpt":{"rendered":"<p>Delegado: D. Joaqu\u00edn Gal\u00e1n Pino.C\/D\u00edez Taravilla 1537500 \u2013 Ciudad Rodrigo(Salamanca)Tel\u00e9fono.- 923 46 08 43 Esta Delegaci\u00f3n, unida siempre de Apostolado, es un organismo de la Iglesia Diocesana. Su fin es &#8230; <\/p>\n<p class=\"read-more-container\"><a title=\"Apostolado en Carretera\" class=\"read-more button\" href=\"https:\/\/www.diocesisciudadrodrigo.org\/blog4\/delegaciones\/delegacion-de-apostolado-en-carretera\/#more-5086\" aria-label=\"M\u00e1s en Apostolado en Carretera\">Leer m\u00e1s &#8230;<\/a><\/p>\n","protected":false},"author":1,"featured_media":0,"parent":7927,"menu_order":0,"comment_status":"closed","ping_status":"closed","template":"","meta":{"footnotes":""},"class_list":["post-5086","page","type-page","status-publish"],"yoast_head":"<!-- This site is optimized with the Yoast SEO plugin v27.3 - https:\/\/yoast.com\/product\/yoast-seo-wordpress\/ -->\n<title>Apostolado en Carretera - Di\u00f3cesis de Ciudad Rodrigo<\/title>\n<meta name=\"robots\" content=\"index, follow, max-snippet:-1, max-image-preview:large, max-video-preview:-1\" \/>\n<link rel=\"canonical\" href=\"https:\/\/www.diocesisciudadrodrigo.org\/blog4\/delegaciones\/delegacion-de-apostolado-en-carretera\/\" \/>\n<meta property=\"og:locale\" content=\"es_ES\" \/>\n<meta property=\"og:type\" content=\"article\" \/>\n<meta property=\"og:title\" content=\"Apostolado en Carretera - Di\u00f3cesis de Ciudad Rodrigo\" \/>\n<meta property=\"og:description\" content=\"Delegado: D. Joaqu\u00edn Gal\u00e1n Pino.C\/D\u00edez Taravilla 1537500 \u2013 Ciudad Rodrigo(Salamanca)Tel\u00e9fono.- 923 46 08 43 Esta Delegaci\u00f3n, unida siempre de Apostolado, es un organismo de la Iglesia Diocesana. Su fin es ... Leer m\u00e1s ...\" \/>\n<meta property=\"og:url\" content=\"https:\/\/www.diocesisciudadrodrigo.org\/blog4\/delegaciones\/delegacion-de-apostolado-en-carretera\/\" \/>\n<meta property=\"og:site_name\" content=\"Di\u00f3cesis de Ciudad Rodrigo\" \/>\n<meta property=\"article:publisher\" content=\"https:\/\/www.facebook.com\/people\/Dicesis-Ciudad-Rodrigo-MCS\/100076471923419\/#\" \/>\n<meta property=\"article:modified_time\" content=\"2019-05-07T12:46:28+00:00\" \/>\n<meta property=\"og:image\" content=\"http:\/\/www.diocesisciudadrodrigo.org\/blog4\/wp-content\/uploads\/2019\/05\/apos_carretera-683x1024.png\" \/>\n<meta name=\"twitter:card\" content=\"summary_large_image\" \/>\n<meta name=\"twitter:label1\" content=\"Tiempo de lectura\" \/>\n\t<meta name=\"twitter:data1\" content=\"1 minuto\" \/>\n<script type=\"application\/ld+json\" class=\"yoast-schema-graph\">{\"@context\":\"https:\\\/\\\/schema.org\",\"@graph\":[{\"@type\":\"WebPage\",\"@id\":\"https:\\\/\\\/www.diocesisciudadrodrigo.org\\\/blog4\\\/delegaciones\\\/delegacion-de-apostolado-en-carretera\\\/\",\"url\":\"https:\\\/\\\/www.diocesisciudadrodrigo.org\\\/blog4\\\/delegaciones\\\/delegacion-de-apostolado-en-carretera\\\/\",\"name\":\"Apostolado en Carretera - Di\u00f3cesis de Ciudad Rodrigo\",\"isPartOf\":{\"@id\":\"https:\\\/\\\/www.diocesisciudadrodrigo.org\\\/blog4\\\/#website\"},\"primaryImageOfPage\":{\"@id\":\"https:\\\/\\\/www.diocesisciudadrodrigo.org\\\/blog4\\\/delegaciones\\\/delegacion-de-apostolado-en-carretera\\\/#primaryimage\"},\"image\":{\"@id\":\"https:\\\/\\\/www.diocesisciudadrodrigo.org\\\/blog4\\\/delegaciones\\\/delegacion-de-apostolado-en-carretera\\\/#primaryimage\"},\"thumbnailUrl\":\"http:\\\/\\\/www.diocesisciudadrodrigo.org\\\/blog4\\\/wp-content\\\/uploads\\\/2019\\\/05\\\/apos_carretera-683x1024.png\",\"datePublished\":\"2016-10-10T15:48:06+00:00\",\"dateModified\":\"2019-05-07T12:46:28+00:00\",\"breadcrumb\":{\"@id\":\"https:\\\/\\\/www.diocesisciudadrodrigo.org\\\/blog4\\\/delegaciones\\\/delegacion-de-apostolado-en-carretera\\\/#breadcrumb\"},\"inLanguage\":\"es\",\"potentialAction\":[{\"@type\":\"ReadAction\",\"target\":[\"https:\\\/\\\/www.diocesisciudadrodrigo.org\\\/blog4\\\/delegaciones\\\/delegacion-de-apostolado-en-carretera\\\/\"]}]},{\"@type\":\"ImageObject\",\"inLanguage\":\"es\",\"@id\":\"https:\\\/\\\/www.diocesisciudadrodrigo.org\\\/blog4\\\/delegaciones\\\/delegacion-de-apostolado-en-carretera\\\/#primaryimage\",\"url\":\"http:\\\/\\\/www.diocesisciudadrodrigo.org\\\/blog4\\\/wp-content\\\/uploads\\\/2019\\\/05\\\/apos_carretera-683x1024.png\",\"contentUrl\":\"http:\\\/\\\/www.diocesisciudadrodrigo.org\\\/blog4\\\/wp-content\\\/uploads\\\/2019\\\/05\\\/apos_carretera-683x1024.png\"},{\"@type\":\"BreadcrumbList\",\"@id\":\"https:\\\/\\\/www.diocesisciudadrodrigo.org\\\/blog4\\\/delegaciones\\\/delegacion-de-apostolado-en-carretera\\\/#breadcrumb\",\"itemListElement\":[{\"@type\":\"ListItem\",\"position\":1,\"name\":\"Portada\",\"item\":\"https:\\\/\\\/www.diocesisciudadrodrigo.org\\\/blog4\\\/\"},{\"@type\":\"ListItem\",\"position\":2,\"name\":\"Delegaciones\",\"item\":\"https:\\\/\\\/www.diocesisciudadrodrigo.org\\\/blog4\\\/delegaciones\\\/\"},{\"@type\":\"ListItem\",\"position\":3,\"name\":\"Apostolado en Carretera\"}]},{\"@type\":\"WebSite\",\"@id\":\"https:\\\/\\\/www.diocesisciudadrodrigo.org\\\/blog4\\\/#website\",\"url\":\"https:\\\/\\\/www.diocesisciudadrodrigo.org\\\/blog4\\\/\",\"name\":\"Di\u00f3cesis de Ciudad Rodrigo\",\"description\":\"Sitio web oficial de la di\u00f3cesis civitatense\",\"publisher\":{\"@id\":\"https:\\\/\\\/www.diocesisciudadrodrigo.org\\\/blog4\\\/#organization\"},\"potentialAction\":[{\"@type\":\"SearchAction\",\"target\":{\"@type\":\"EntryPoint\",\"urlTemplate\":\"https:\\\/\\\/www.diocesisciudadrodrigo.org\\\/blog4\\\/?s={search_term_string}\"},\"query-input\":{\"@type\":\"PropertyValueSpecification\",\"valueRequired\":true,\"valueName\":\"search_term_string\"}}],\"inLanguage\":\"es\"},{\"@type\":\"Organization\",\"@id\":\"https:\\\/\\\/www.diocesisciudadrodrigo.org\\\/blog4\\\/#organization\",\"name\":\"Di\u00f3cesis de Ciudad Rodrigo\",\"url\":\"https:\\\/\\\/www.diocesisciudadrodrigo.org\\\/blog4\\\/\",\"logo\":{\"@type\":\"ImageObject\",\"inLanguage\":\"es\",\"@id\":\"https:\\\/\\\/www.diocesisciudadrodrigo.org\\\/blog4\\\/#\\\/schema\\\/logo\\\/image\\\/\",\"url\":\"https:\\\/\\\/www.diocesisciudadrodrigo.org\\\/blog4\\\/wp-content\\\/uploads\\\/2024\\\/12\\\/Diocesis.CMYK_-768x480-1.jpg\",\"contentUrl\":\"https:\\\/\\\/www.diocesisciudadrodrigo.org\\\/blog4\\\/wp-content\\\/uploads\\\/2024\\\/12\\\/Diocesis.CMYK_-768x480-1.jpg\",\"width\":768,\"height\":480,\"caption\":\"Di\u00f3cesis de Ciudad Rodrigo\"},\"image\":{\"@id\":\"https:\\\/\\\/www.diocesisciudadrodrigo.org\\\/blog4\\\/#\\\/schema\\\/logo\\\/image\\\/\"},\"sameAs\":[\"https:\\\/\\\/www.facebook.com\\\/people\\\/Dicesis-Ciudad-Rodrigo-MCS\\\/100076471923419\\\/#\"]}]}<\/script>\n<!-- \/ Yoast SEO plugin. -->","yoast_head_json":{"title":"Apostolado en Carretera - Di\u00f3cesis de Ciudad Rodrigo","robots":{"index":"index","follow":"follow","max-snippet":"max-snippet:-1","max-image-preview":"max-image-preview:large","max-video-preview":"max-video-preview:-1"},"canonical":"https:\/\/www.diocesisciudadrodrigo.org\/blog4\/delegaciones\/delegacion-de-apostolado-en-carretera\/","og_locale":"es_ES","og_type":"article","og_title":"Apostolado en Carretera - Di\u00f3cesis de Ciudad Rodrigo","og_description":"Delegado: D. Joaqu\u00edn Gal\u00e1n Pino.C\/D\u00edez Taravilla 1537500 \u2013 Ciudad Rodrigo(Salamanca)Tel\u00e9fono.- 923 46 08 43 Esta Delegaci\u00f3n, unida siempre de Apostolado, es un organismo de la Iglesia Diocesana. Su fin es ... Leer m\u00e1s ...","og_url":"https:\/\/www.diocesisciudadrodrigo.org\/blog4\/delegaciones\/delegacion-de-apostolado-en-carretera\/","og_site_name":"Di\u00f3cesis de Ciudad Rodrigo","article_publisher":"https:\/\/www.facebook.com\/people\/Dicesis-Ciudad-Rodrigo-MCS\/100076471923419\/#","article_modified_time":"2019-05-07T12:46:28+00:00","og_image":[{"url":"http:\/\/www.diocesisciudadrodrigo.org\/blog4\/wp-content\/uploads\/2019\/05\/apos_carretera-683x1024.png","type":"","width":"","height":""}],"twitter_card":"summary_large_image","twitter_misc":{"Tiempo de lectura":"1 minuto"},"schema":{"@context":"https:\/\/schema.org","@graph":[{"@type":"WebPage","@id":"https:\/\/www.diocesisciudadrodrigo.org\/blog4\/delegaciones\/delegacion-de-apostolado-en-carretera\/","url":"https:\/\/www.diocesisciudadrodrigo.org\/blog4\/delegaciones\/delegacion-de-apostolado-en-carretera\/","name":"Apostolado en Carretera - Di\u00f3cesis de Ciudad Rodrigo","isPartOf":{"@id":"https:\/\/www.diocesisciudadrodrigo.org\/blog4\/#website"},"primaryImageOfPage":{"@id":"https:\/\/www.diocesisciudadrodrigo.org\/blog4\/delegaciones\/delegacion-de-apostolado-en-carretera\/#primaryimage"},"image":{"@id":"https:\/\/www.diocesisciudadrodrigo.org\/blog4\/delegaciones\/delegacion-de-apostolado-en-carretera\/#primaryimage"},"thumbnailUrl":"http:\/\/www.diocesisciudadrodrigo.org\/blog4\/wp-content\/uploads\/2019\/05\/apos_carretera-683x1024.png","datePublished":"2016-10-10T15:48:06+00:00","dateModified":"2019-05-07T12:46:28+00:00","breadcrumb":{"@id":"https:\/\/www.diocesisciudadrodrigo.org\/blog4\/delegaciones\/delegacion-de-apostolado-en-carretera\/#breadcrumb"},"inLanguage":"es","potentialAction":[{"@type":"ReadAction","target":["https:\/\/www.diocesisciudadrodrigo.org\/blog4\/delegaciones\/delegacion-de-apostolado-en-carretera\/"]}]},{"@type":"ImageObject","inLanguage":"es","@id":"https:\/\/www.diocesisciudadrodrigo.org\/blog4\/delegaciones\/delegacion-de-apostolado-en-carretera\/#primaryimage","url":"http:\/\/www.diocesisciudadrodrigo.org\/blog4\/wp-content\/uploads\/2019\/05\/apos_carretera-683x1024.png","contentUrl":"http:\/\/www.diocesisciudadrodrigo.org\/blog4\/wp-content\/uploads\/2019\/05\/apos_carretera-683x1024.png"},{"@type":"BreadcrumbList","@id":"https:\/\/www.diocesisciudadrodrigo.org\/blog4\/delegaciones\/delegacion-de-apostolado-en-carretera\/#breadcrumb","itemListElement":[{"@type":"ListItem","position":1,"name":"Portada","item":"https:\/\/www.diocesisciudadrodrigo.org\/blog4\/"},{"@type":"ListItem","position":2,"name":"Delegaciones","item":"https:\/\/www.diocesisciudadrodrigo.org\/blog4\/delegaciones\/"},{"@type":"ListItem","position":3,"name":"Apostolado en Carretera"}]},{"@type":"WebSite","@id":"https:\/\/www.diocesisciudadrodrigo.org\/blog4\/#website","url":"https:\/\/www.diocesisciudadrodrigo.org\/blog4\/","name":"Di\u00f3cesis de Ciudad Rodrigo","description":"Sitio web oficial de la di\u00f3cesis civitatense","publisher":{"@id":"https:\/\/www.diocesisciudadrodrigo.org\/blog4\/#organization"},"potentialAction":[{"@type":"SearchAction","target":{"@type":"EntryPoint","urlTemplate":"https:\/\/www.diocesisciudadrodrigo.org\/blog4\/?s={search_term_string}"},"query-input":{"@type":"PropertyValueSpecification","valueRequired":true,"valueName":"search_term_string"}}],"inLanguage":"es"},{"@type":"Organization","@id":"https:\/\/www.diocesisciudadrodrigo.org\/blog4\/#organization","name":"Di\u00f3cesis de Ciudad Rodrigo","url":"https:\/\/www.diocesisciudadrodrigo.org\/blog4\/","logo":{"@type":"ImageObject","inLanguage":"es","@id":"https:\/\/www.diocesisciudadrodrigo.org\/blog4\/#\/schema\/logo\/image\/","url":"https:\/\/www.diocesisciudadrodrigo.org\/blog4\/wp-content\/uploads\/2024\/12\/Diocesis.CMYK_-768x480-1.jpg","contentUrl":"https:\/\/www.diocesisciudadrodrigo.org\/blog4\/wp-content\/uploads\/2024\/12\/Diocesis.CMYK_-768x480-1.jpg","width":768,"height":480,"caption":"Di\u00f3cesis de Ciudad Rodrigo"},"image":{"@id":"https:\/\/www.diocesisciudadrodrigo.org\/blog4\/#\/schema\/logo\/image\/"},"sameAs":["https:\/\/www.facebook.com\/people\/Dicesis-Ciudad-Rodrigo-MCS\/100076471923419\/#"]}]}},"_links":{"self":[{"href":"https:\/\/www.diocesisciudadrodrigo.org\/blog4\/wp-json\/wp\/v2\/pages\/5086","targetHints":{"allow":["GET"]}}],"collection":[{"href":"https:\/\/www.diocesisciudadrodrigo.org\/blog4\/wp-json\/wp\/v2\/pages"}],"about":[{"href":"https:\/\/www.diocesisciudadrodrigo.org\/blog4\/wp-json\/wp\/v2\/types\/page"}],"author":[{"embeddable":true,"href":"https:\/\/www.diocesisciudadrodrigo.org\/blog4\/wp-json\/wp\/v2\/users\/1"}],"replies":[{"embeddable":true,"href":"https:\/\/www.diocesisciudadrodrigo.org\/blog4\/wp-json\/wp\/v2\/comments?post=5086"}],"version-history":[{"count":3,"href":"https:\/\/www.diocesisciudadrodrigo.org\/blog4\/wp-json\/wp\/v2\/pages\/5086\/revisions"}],"predecessor-version":[{"id":9591,"href":"https:\/\/www.diocesisciudadrodrigo.org\/blog4\/wp-json\/wp\/v2\/pages\/5086\/revisions\/9591"}],"up":[{"embeddable":true,"href":"https:\/\/www.diocesisciudadrodrigo.org\/blog4\/wp-json\/wp\/v2\/pages\/7927"}],"wp:attachment":[{"href":"https:\/\/www.diocesisciudadrodrigo.org\/blog4\/wp-json\/wp\/v2\/media?parent=5086"}],"curies":[{"name":"wp","href":"https:\/\/api.w.org\/{rel}","templated":true}]}}