{"id":20148,"date":"2021-11-14T17:16:16","date_gmt":"2021-11-14T16:16:16","guid":{"rendered":"https:\/\/www.diocesisciudadrodrigo.org\/blog4\/?page_id=20148"},"modified":"2021-11-15T08:17:34","modified_gmt":"2021-11-15T07:17:34","slug":"el-santo-padre-nombra-obispo-de-ciudad-rodrigo-a-mons-jose-luis-retana-gozalo","status":"publish","type":"page","link":"https:\/\/www.diocesisciudadrodrigo.org\/blog4\/el-santo-padre-nombra-obispo-de-ciudad-rodrigo-a-mons-jose-luis-retana-gozalo\/","title":{"rendered":"El Santo Padre nombra Obispo de Ciudad Rodrigo a Mons. Jos\u00e9 Luis Retana Gozalo"},"content":{"rendered":"\t\t<div data-elementor-type=\"wp-page\" data-elementor-id=\"20148\" class=\"elementor elementor-20148\" data-elementor-settings=\"[]\">\n\t\t\t\t\t\t<div class=\"elementor-inner\">\n\t\t\t\t\t\t\t<div class=\"elementor-section-wrap\">\n\t\t\t\t\t\t\t<section class=\"elementor-section elementor-top-section elementor-element elementor-element-68667d8 elementor-section-boxed elementor-section-height-default elementor-section-height-default\" data-id=\"68667d8\" data-element_type=\"section\">\n\t\t\t\t\t\t<div class=\"elementor-container elementor-column-gap-default\">\n\t\t\t\t\t\t\t<div class=\"elementor-row\">\n\t\t\t\t\t<div class=\"elementor-column elementor-col-100 elementor-top-column elementor-element elementor-element-a170072\" data-id=\"a170072\" data-element_type=\"column\">\n\t\t\t<div class=\"elementor-column-wrap elementor-element-populated\">\n\t\t\t\t\t\t\t<div class=\"elementor-widget-wrap\">\n\t\t\t\t\t\t<div class=\"elementor-element elementor-element-4cb0d73 elementor-widget elementor-widget-image\" data-id=\"4cb0d73\" data-element_type=\"widget\" data-widget_type=\"image.default\">\n\t\t\t\t<div class=\"elementor-widget-container\">\n\t\t\t\t\t\t\t\t<div class=\"elementor-image\">\n\t\t\t\t\t\t\t\t\t\t\t\t<img loading=\"lazy\" decoding=\"async\" width=\"1024\" height=\"683\" src=\"https:\/\/www.diocesisciudadrodrigo.org\/blog4\/wp-content\/uploads\/2021\/11\/mons.-retana1-1024x683.jpg\" class=\"attachment-large size-large\" alt=\"\" srcset=\"https:\/\/www.diocesisciudadrodrigo.org\/blog4\/wp-content\/uploads\/2021\/11\/mons.-retana1-1024x683.jpg 1024w, https:\/\/www.diocesisciudadrodrigo.org\/blog4\/wp-content\/uploads\/2021\/11\/mons.-retana1-300x200.jpg 300w, https:\/\/www.diocesisciudadrodrigo.org\/blog4\/wp-content\/uploads\/2021\/11\/mons.-retana1-768x512.jpg 768w, https:\/\/www.diocesisciudadrodrigo.org\/blog4\/wp-content\/uploads\/2021\/11\/mons.-retana1-1536x1024.jpg 1536w, https:\/\/www.diocesisciudadrodrigo.org\/blog4\/wp-content\/uploads\/2021\/11\/mons.-retana1-2048x1365.jpg 2048w, https:\/\/www.diocesisciudadrodrigo.org\/blog4\/wp-content\/uploads\/2021\/11\/mons.-retana1-350x233.jpg 350w\" sizes=\"auto, (max-width: 1024px) 100vw, 1024px\" \/>\t\t\t\t\t\t\t\t\t\t\t\t\t\t<\/div>\n\t\t\t\t\t\t<\/div>\n\t\t\t\t<\/div>\n\t\t\t\t\t\t<\/div>\n\t\t\t\t\t<\/div>\n\t\t<\/div>\n\t\t\t\t\t\t\t\t<\/div>\n\t\t\t\t\t<\/div>\n\t\t<\/section>\n\t\t\t\t<section class=\"elementor-section elementor-top-section elementor-element elementor-element-d689d61 elementor-section-boxed elementor-section-height-default elementor-section-height-default\" data-id=\"d689d61\" data-element_type=\"section\">\n\t\t\t\t\t\t<div class=\"elementor-container elementor-column-gap-default\">\n\t\t\t\t\t\t\t<div class=\"elementor-row\">\n\t\t\t\t\t<div class=\"elementor-column elementor-col-100 elementor-top-column elementor-element elementor-element-cdcdfbf\" data-id=\"cdcdfbf\" data-element_type=\"column\">\n\t\t\t<div class=\"elementor-column-wrap elementor-element-populated\">\n\t\t\t\t\t\t\t<div class=\"elementor-widget-wrap\">\n\t\t\t\t\t\t<div class=\"elementor-element elementor-element-1eb7740 elementor-widget elementor-widget-text-editor\" data-id=\"1eb7740\" data-element_type=\"widget\" data-widget_type=\"text-editor.default\">\n\t\t\t\t<div class=\"elementor-widget-container\">\n\t\t\t\t\t\t\t\t<div class=\"elementor-text-editor elementor-clearfix\">\n\t\t\t\t<p>La Santa Sede ha hecho p\u00fablico a las 12.00 horas del lunes, 15 de noviembre, el nombramiento de\u00a0<strong>Mons. Jos\u00e9 Luis Retana Gozalo,\u00a0 <\/strong>como Obispo de Ciudad Rodrigo.<\/p><p>Despu\u00e9s de un largo proceso de consultas el Santo Padre Francisco ha decidido utilizar la f\u00f3rmula <em>in persona episcopi,<\/em> para las di\u00f3cesis de Ciudad Rodrigo y Salamanca por lo que Mons. Retana estar\u00e1 al frente de las dos di\u00f3cesis. Mons. Jos\u00e9 Luis Retana Gozalo, ha sido hasta ahora Obispo de Plasencia.<\/p><p>El nombramiento <em>in persona episcopi<\/em> mantiene inalteradas las estructuras de cada una de las di\u00f3cesis (Catedrales, curias, seminarios y otros organismos) a excepci\u00f3n del ministerio episcopal que es ejercido por un \u00fanico Obispo.<\/p><p><strong>DATOS BIOGR\u00c1FICOS<\/strong><\/p><p>Jos\u00e9 Luis Retana Gozalo, hijo de Cruz e Isidoro, nace en Pedro Bernardo (\u00c1vila) el 12 de marzo de 1953.<\/p><p>Cursa sus estudios de Ense\u00f1anza Media en el Seminario Menor de San Jos\u00e9 de Arenas de San Pedro (1964-<br \/>68) y de \u00c1vila (1968-71). El curso 1971-72 ingresa en el Teologado de \u00c1vila que la di\u00f3cesis tiene abierto en Salamanca para realizar los estudios de Teolog\u00eda en la Universidad Pontificia de Salamanca (1971-76), donde obtiene el graduado en Bachiller de Teolog\u00eda el a\u00f1o 1976. Posteriormente marcha a Friburgo (Suiza); all\u00ed prepara sus estudios de licenciatura (1976-78), defendiendo el trabajo de Licenciatura en Teolog\u00eda en la Universidad Pontificia de Salamanca el a\u00f1o 1979, dirigida por D. Ricardo Bl\u00e1zquez.<br \/>Es ordenado sacerdote el d\u00eda 29 de septiembre de 1979, en Pedro Bernardo, por el entonces Obispo de \u00c1vila, don Felipe Fern\u00e1ndez Garc\u00eda.<\/p><p>TAREAS DESEMPE\u00d1ADAS EN LA DI\u00d3CESIS DE \u00c1VILA<\/p><p>Desde su ordenaci\u00f3n es miembro del Equipo de Formadores del Colegio Diocesano \u201cAsunci\u00f3n de Nuestra Se\u00f1ora\u201d (1979-1993).\u00a0<br \/>Atenci\u00f3n pastoral a las parroquias rurales de Albornos, Mu\u00f1omer del Peco y Narros de Saldue\u00f1a (1980-83). Y de Aldeaseca, Villanueva del Aceral, Tornadizos de Ar\u00e9valo y Donvidas (2007-2012).<br \/>Coordinador General de Formaci\u00f3n del Colegio Diocesano \u201cAsunci\u00f3n de Nuestra Se\u00f1ora\u201d (1990-1993).<br \/>Rector del Seminario diocesano de \u00c1vila (1993-1999 y 2003-2012).<\/p><p>Vicario Episcopal para las Relaciones con las Instituciones (12\/1997- 9\/2006).<br \/>Vicario parroquial de la Parroquia del Inmaculado Coraz\u00f3n de Mar\u00eda (9\/1999-2003).<\/p><p>TAREAS DESEMPE\u00d1ADAS EN EL MOMENTO DE SER<br \/>NOMBRADO OBISPO DE PLASENCIA<\/p><p>Miembro del Colegio de Consultores de la di\u00f3cesis de \u00c1vila (7\/1998).<br \/>Can\u00f3nigo de la S.A.I. Catedral del Salvador de \u00c1vila en condici\u00f3n de Adjunto a la Direcci\u00f3n de Patrimonio (3\/2002).<br \/>De\u00e1n de la Catedral del Salvador de \u00c1vila.<br \/>Asistente Eclesi\u00e1stico de la Fraternidad de Comuni\u00f3n y Liberaci\u00f3n en \u00c1vila (6\/2002).<br \/>Director del Centro de Educaci\u00f3n Especial \u201cSanta Teresa\u201d, de Martiherrero (11\/2002-9\/2003 y 12\/2003).<br \/>P\u00e1rroco de la parroquia San Pedro Bautista de \u00c1vila. (1\/9\/2012-24\/6\/2017).<br \/>Arcipreste del Arciprestazgo de la ciudad de \u00c1vila.<br \/>Obispo de la di\u00f3cesis de Plasencia desde 24 de junio de 2017, fiesta de san Juan Bautista. Durante este tiempo ha formado parte de la Comisi\u00f3n de Ense\u00f1anza en la Conferencia Episcopal Espa\u00f1ola.<\/p>\t\t\t\t\t<\/div>\n\t\t\t\t\t\t<\/div>\n\t\t\t\t<\/div>\n\t\t\t\t\t\t<\/div>\n\t\t\t\t\t<\/div>\n\t\t<\/div>\n\t\t\t\t\t\t\t\t<\/div>\n\t\t\t\t\t<\/div>\n\t\t<\/section>\n\t\t\t\t\t\t<\/div>\n\t\t\t\t\t\t<\/div>\n\t\t\t\t\t<\/div>\n\t\t","protected":false},"excerpt":{"rendered":"<p>La Santa Sede ha hecho p\u00fablico a las 12.00 horas del lunes, 15 de noviembre, el nombramiento de\u00a0Mons. Jos\u00e9 Luis Retana Gozalo,\u00a0 como Obispo de Ciudad Rodrigo. Despu\u00e9s de un &#8230; <\/p>\n<p class=\"read-more-container\"><a title=\"El Santo Padre nombra Obispo de Ciudad Rodrigo a Mons. Jos\u00e9 Luis Retana Gozalo\" class=\"read-more button\" href=\"https:\/\/www.diocesisciudadrodrigo.org\/blog4\/el-santo-padre-nombra-obispo-de-ciudad-rodrigo-a-mons-jose-luis-retana-gozalo\/#more-20148\" aria-label=\"M\u00e1s en El Santo Padre nombra Obispo de Ciudad Rodrigo a Mons. Jos\u00e9 Luis Retana Gozalo\">Leer m\u00e1s &#8230;<\/a><\/p>\n","protected":false},"author":1,"featured_media":0,"parent":0,"menu_order":0,"comment_status":"closed","ping_status":"closed","template":"","meta":{"footnotes":""},"class_list":["post-20148","page","type-page","status-publish"],"yoast_head":"<!-- This site is optimized with the Yoast SEO plugin v27.6 - https:\/\/yoast.com\/product\/yoast-seo-wordpress\/ -->\n<title>El Santo Padre nombra Obispo de Ciudad Rodrigo a Mons. Jos\u00e9 Luis Retana Gozalo - Di\u00f3cesis de Ciudad Rodrigo<\/title>\n<meta name=\"robots\" content=\"index, follow, max-snippet:-1, max-image-preview:large, max-video-preview:-1\" \/>\n<link rel=\"canonical\" href=\"https:\/\/www.diocesisciudadrodrigo.org\/blog4\/el-santo-padre-nombra-obispo-de-ciudad-rodrigo-a-mons-jose-luis-retana-gozalo\/\" \/>\n<meta property=\"og:locale\" content=\"es_ES\" \/>\n<meta property=\"og:type\" content=\"article\" \/>\n<meta property=\"og:title\" content=\"El Santo Padre nombra Obispo de Ciudad Rodrigo a Mons. Jos\u00e9 Luis Retana Gozalo - Di\u00f3cesis de Ciudad Rodrigo\" \/>\n<meta property=\"og:description\" content=\"La Santa Sede ha hecho p\u00fablico a las 12.00 horas del lunes, 15 de noviembre, el nombramiento de\u00a0Mons. Jos\u00e9 Luis Retana Gozalo,\u00a0 como Obispo de Ciudad Rodrigo. Despu\u00e9s de un ... Leer m\u00e1s ...\" \/>\n<meta property=\"og:url\" content=\"https:\/\/www.diocesisciudadrodrigo.org\/blog4\/el-santo-padre-nombra-obispo-de-ciudad-rodrigo-a-mons-jose-luis-retana-gozalo\/\" \/>\n<meta property=\"og:site_name\" content=\"Di\u00f3cesis de Ciudad Rodrigo\" \/>\n<meta property=\"article:publisher\" content=\"https:\/\/www.facebook.com\/people\/Dicesis-Ciudad-Rodrigo-MCS\/100076471923419\/#\" \/>\n<meta property=\"article:modified_time\" content=\"2021-11-15T07:17:34+00:00\" \/>\n<meta property=\"og:image\" content=\"https:\/\/www.diocesisciudadrodrigo.org\/blog4\/wp-content\/uploads\/2021\/11\/mons.-retana1-1024x683.jpg\" \/>\n<meta name=\"twitter:card\" content=\"summary_large_image\" \/>\n<meta name=\"twitter:label1\" content=\"Tiempo de lectura\" \/>\n\t<meta name=\"twitter:data1\" content=\"3 minutos\" \/>\n<script type=\"application\/ld+json\" class=\"yoast-schema-graph\">{\"@context\":\"https:\\\/\\\/schema.org\",\"@graph\":[{\"@type\":\"WebPage\",\"@id\":\"https:\\\/\\\/www.diocesisciudadrodrigo.org\\\/blog4\\\/el-santo-padre-nombra-obispo-de-ciudad-rodrigo-a-mons-jose-luis-retana-gozalo\\\/\",\"url\":\"https:\\\/\\\/www.diocesisciudadrodrigo.org\\\/blog4\\\/el-santo-padre-nombra-obispo-de-ciudad-rodrigo-a-mons-jose-luis-retana-gozalo\\\/\",\"name\":\"El Santo Padre nombra Obispo de Ciudad Rodrigo a Mons. Jos\u00e9 Luis Retana Gozalo - Di\u00f3cesis de Ciudad Rodrigo\",\"isPartOf\":{\"@id\":\"https:\\\/\\\/www.diocesisciudadrodrigo.org\\\/blog4\\\/#website\"},\"primaryImageOfPage\":{\"@id\":\"https:\\\/\\\/www.diocesisciudadrodrigo.org\\\/blog4\\\/el-santo-padre-nombra-obispo-de-ciudad-rodrigo-a-mons-jose-luis-retana-gozalo\\\/#primaryimage\"},\"image\":{\"@id\":\"https:\\\/\\\/www.diocesisciudadrodrigo.org\\\/blog4\\\/el-santo-padre-nombra-obispo-de-ciudad-rodrigo-a-mons-jose-luis-retana-gozalo\\\/#primaryimage\"},\"thumbnailUrl\":\"https:\\\/\\\/www.diocesisciudadrodrigo.org\\\/blog4\\\/wp-content\\\/uploads\\\/2021\\\/11\\\/mons.-retana1-1024x683.jpg\",\"datePublished\":\"2021-11-14T16:16:16+00:00\",\"dateModified\":\"2021-11-15T07:17:34+00:00\",\"breadcrumb\":{\"@id\":\"https:\\\/\\\/www.diocesisciudadrodrigo.org\\\/blog4\\\/el-santo-padre-nombra-obispo-de-ciudad-rodrigo-a-mons-jose-luis-retana-gozalo\\\/#breadcrumb\"},\"inLanguage\":\"es\",\"potentialAction\":[{\"@type\":\"ReadAction\",\"target\":[\"https:\\\/\\\/www.diocesisciudadrodrigo.org\\\/blog4\\\/el-santo-padre-nombra-obispo-de-ciudad-rodrigo-a-mons-jose-luis-retana-gozalo\\\/\"]}]},{\"@type\":\"ImageObject\",\"inLanguage\":\"es\",\"@id\":\"https:\\\/\\\/www.diocesisciudadrodrigo.org\\\/blog4\\\/el-santo-padre-nombra-obispo-de-ciudad-rodrigo-a-mons-jose-luis-retana-gozalo\\\/#primaryimage\",\"url\":\"https:\\\/\\\/www.diocesisciudadrodrigo.org\\\/blog4\\\/wp-content\\\/uploads\\\/2021\\\/11\\\/mons.-retana1-scaled.jpg\",\"contentUrl\":\"https:\\\/\\\/www.diocesisciudadrodrigo.org\\\/blog4\\\/wp-content\\\/uploads\\\/2021\\\/11\\\/mons.-retana1-scaled.jpg\",\"width\":2560,\"height\":1707},{\"@type\":\"BreadcrumbList\",\"@id\":\"https:\\\/\\\/www.diocesisciudadrodrigo.org\\\/blog4\\\/el-santo-padre-nombra-obispo-de-ciudad-rodrigo-a-mons-jose-luis-retana-gozalo\\\/#breadcrumb\",\"itemListElement\":[{\"@type\":\"ListItem\",\"position\":1,\"name\":\"Portada\",\"item\":\"https:\\\/\\\/www.diocesisciudadrodrigo.org\\\/blog4\\\/\"},{\"@type\":\"ListItem\",\"position\":2,\"name\":\"El Santo Padre nombra Obispo de Ciudad Rodrigo a Mons. Jos\u00e9 Luis Retana Gozalo\"}]},{\"@type\":\"WebSite\",\"@id\":\"https:\\\/\\\/www.diocesisciudadrodrigo.org\\\/blog4\\\/#website\",\"url\":\"https:\\\/\\\/www.diocesisciudadrodrigo.org\\\/blog4\\\/\",\"name\":\"Di\u00f3cesis de Ciudad Rodrigo\",\"description\":\"Sitio web oficial de la di\u00f3cesis civitatense\",\"publisher\":{\"@id\":\"https:\\\/\\\/www.diocesisciudadrodrigo.org\\\/blog4\\\/#organization\"},\"potentialAction\":[{\"@type\":\"SearchAction\",\"target\":{\"@type\":\"EntryPoint\",\"urlTemplate\":\"https:\\\/\\\/www.diocesisciudadrodrigo.org\\\/blog4\\\/?s={search_term_string}\"},\"query-input\":{\"@type\":\"PropertyValueSpecification\",\"valueRequired\":true,\"valueName\":\"search_term_string\"}}],\"inLanguage\":\"es\"},{\"@type\":\"Organization\",\"@id\":\"https:\\\/\\\/www.diocesisciudadrodrigo.org\\\/blog4\\\/#organization\",\"name\":\"Di\u00f3cesis de Ciudad Rodrigo\",\"url\":\"https:\\\/\\\/www.diocesisciudadrodrigo.org\\\/blog4\\\/\",\"logo\":{\"@type\":\"ImageObject\",\"inLanguage\":\"es\",\"@id\":\"https:\\\/\\\/www.diocesisciudadrodrigo.org\\\/blog4\\\/#\\\/schema\\\/logo\\\/image\\\/\",\"url\":\"https:\\\/\\\/www.diocesisciudadrodrigo.org\\\/blog4\\\/wp-content\\\/uploads\\\/2024\\\/12\\\/Diocesis.CMYK_-768x480-1.jpg\",\"contentUrl\":\"https:\\\/\\\/www.diocesisciudadrodrigo.org\\\/blog4\\\/wp-content\\\/uploads\\\/2024\\\/12\\\/Diocesis.CMYK_-768x480-1.jpg\",\"width\":768,\"height\":480,\"caption\":\"Di\u00f3cesis de Ciudad Rodrigo\"},\"image\":{\"@id\":\"https:\\\/\\\/www.diocesisciudadrodrigo.org\\\/blog4\\\/#\\\/schema\\\/logo\\\/image\\\/\"},\"sameAs\":[\"https:\\\/\\\/www.facebook.com\\\/people\\\/Dicesis-Ciudad-Rodrigo-MCS\\\/100076471923419\\\/#\"]}]}<\/script>\n<!-- \/ Yoast SEO plugin. -->","yoast_head_json":{"title":"El Santo Padre nombra Obispo de Ciudad Rodrigo a Mons. Jos\u00e9 Luis Retana Gozalo - Di\u00f3cesis de Ciudad Rodrigo","robots":{"index":"index","follow":"follow","max-snippet":"max-snippet:-1","max-image-preview":"max-image-preview:large","max-video-preview":"max-video-preview:-1"},"canonical":"https:\/\/www.diocesisciudadrodrigo.org\/blog4\/el-santo-padre-nombra-obispo-de-ciudad-rodrigo-a-mons-jose-luis-retana-gozalo\/","og_locale":"es_ES","og_type":"article","og_title":"El Santo Padre nombra Obispo de Ciudad Rodrigo a Mons. Jos\u00e9 Luis Retana Gozalo - Di\u00f3cesis de Ciudad Rodrigo","og_description":"La Santa Sede ha hecho p\u00fablico a las 12.00 horas del lunes, 15 de noviembre, el nombramiento de\u00a0Mons. Jos\u00e9 Luis Retana Gozalo,\u00a0 como Obispo de Ciudad Rodrigo. Despu\u00e9s de un ... Leer m\u00e1s ...","og_url":"https:\/\/www.diocesisciudadrodrigo.org\/blog4\/el-santo-padre-nombra-obispo-de-ciudad-rodrigo-a-mons-jose-luis-retana-gozalo\/","og_site_name":"Di\u00f3cesis de Ciudad Rodrigo","article_publisher":"https:\/\/www.facebook.com\/people\/Dicesis-Ciudad-Rodrigo-MCS\/100076471923419\/#","article_modified_time":"2021-11-15T07:17:34+00:00","og_image":[{"url":"https:\/\/www.diocesisciudadrodrigo.org\/blog4\/wp-content\/uploads\/2021\/11\/mons.-retana1-1024x683.jpg","type":"","width":"","height":""}],"twitter_card":"summary_large_image","twitter_misc":{"Tiempo de lectura":"3 minutos"},"schema":{"@context":"https:\/\/schema.org","@graph":[{"@type":"WebPage","@id":"https:\/\/www.diocesisciudadrodrigo.org\/blog4\/el-santo-padre-nombra-obispo-de-ciudad-rodrigo-a-mons-jose-luis-retana-gozalo\/","url":"https:\/\/www.diocesisciudadrodrigo.org\/blog4\/el-santo-padre-nombra-obispo-de-ciudad-rodrigo-a-mons-jose-luis-retana-gozalo\/","name":"El Santo Padre nombra Obispo de Ciudad Rodrigo a Mons. Jos\u00e9 Luis Retana Gozalo - Di\u00f3cesis de Ciudad Rodrigo","isPartOf":{"@id":"https:\/\/www.diocesisciudadrodrigo.org\/blog4\/#website"},"primaryImageOfPage":{"@id":"https:\/\/www.diocesisciudadrodrigo.org\/blog4\/el-santo-padre-nombra-obispo-de-ciudad-rodrigo-a-mons-jose-luis-retana-gozalo\/#primaryimage"},"image":{"@id":"https:\/\/www.diocesisciudadrodrigo.org\/blog4\/el-santo-padre-nombra-obispo-de-ciudad-rodrigo-a-mons-jose-luis-retana-gozalo\/#primaryimage"},"thumbnailUrl":"https:\/\/www.diocesisciudadrodrigo.org\/blog4\/wp-content\/uploads\/2021\/11\/mons.-retana1-1024x683.jpg","datePublished":"2021-11-14T16:16:16+00:00","dateModified":"2021-11-15T07:17:34+00:00","breadcrumb":{"@id":"https:\/\/www.diocesisciudadrodrigo.org\/blog4\/el-santo-padre-nombra-obispo-de-ciudad-rodrigo-a-mons-jose-luis-retana-gozalo\/#breadcrumb"},"inLanguage":"es","potentialAction":[{"@type":"ReadAction","target":["https:\/\/www.diocesisciudadrodrigo.org\/blog4\/el-santo-padre-nombra-obispo-de-ciudad-rodrigo-a-mons-jose-luis-retana-gozalo\/"]}]},{"@type":"ImageObject","inLanguage":"es","@id":"https:\/\/www.diocesisciudadrodrigo.org\/blog4\/el-santo-padre-nombra-obispo-de-ciudad-rodrigo-a-mons-jose-luis-retana-gozalo\/#primaryimage","url":"https:\/\/www.diocesisciudadrodrigo.org\/blog4\/wp-content\/uploads\/2021\/11\/mons.-retana1-scaled.jpg","contentUrl":"https:\/\/www.diocesisciudadrodrigo.org\/blog4\/wp-content\/uploads\/2021\/11\/mons.-retana1-scaled.jpg","width":2560,"height":1707},{"@type":"BreadcrumbList","@id":"https:\/\/www.diocesisciudadrodrigo.org\/blog4\/el-santo-padre-nombra-obispo-de-ciudad-rodrigo-a-mons-jose-luis-retana-gozalo\/#breadcrumb","itemListElement":[{"@type":"ListItem","position":1,"name":"Portada","item":"https:\/\/www.diocesisciudadrodrigo.org\/blog4\/"},{"@type":"ListItem","position":2,"name":"El Santo Padre nombra Obispo de Ciudad Rodrigo a Mons. Jos\u00e9 Luis Retana Gozalo"}]},{"@type":"WebSite","@id":"https:\/\/www.diocesisciudadrodrigo.org\/blog4\/#website","url":"https:\/\/www.diocesisciudadrodrigo.org\/blog4\/","name":"Di\u00f3cesis de Ciudad Rodrigo","description":"Sitio web oficial de la di\u00f3cesis civitatense","publisher":{"@id":"https:\/\/www.diocesisciudadrodrigo.org\/blog4\/#organization"},"potentialAction":[{"@type":"SearchAction","target":{"@type":"EntryPoint","urlTemplate":"https:\/\/www.diocesisciudadrodrigo.org\/blog4\/?s={search_term_string}"},"query-input":{"@type":"PropertyValueSpecification","valueRequired":true,"valueName":"search_term_string"}}],"inLanguage":"es"},{"@type":"Organization","@id":"https:\/\/www.diocesisciudadrodrigo.org\/blog4\/#organization","name":"Di\u00f3cesis de Ciudad Rodrigo","url":"https:\/\/www.diocesisciudadrodrigo.org\/blog4\/","logo":{"@type":"ImageObject","inLanguage":"es","@id":"https:\/\/www.diocesisciudadrodrigo.org\/blog4\/#\/schema\/logo\/image\/","url":"https:\/\/www.diocesisciudadrodrigo.org\/blog4\/wp-content\/uploads\/2024\/12\/Diocesis.CMYK_-768x480-1.jpg","contentUrl":"https:\/\/www.diocesisciudadrodrigo.org\/blog4\/wp-content\/uploads\/2024\/12\/Diocesis.CMYK_-768x480-1.jpg","width":768,"height":480,"caption":"Di\u00f3cesis de Ciudad Rodrigo"},"image":{"@id":"https:\/\/www.diocesisciudadrodrigo.org\/blog4\/#\/schema\/logo\/image\/"},"sameAs":["https:\/\/www.facebook.com\/people\/Dicesis-Ciudad-Rodrigo-MCS\/100076471923419\/#"]}]}},"_links":{"self":[{"href":"https:\/\/www.diocesisciudadrodrigo.org\/blog4\/wp-json\/wp\/v2\/pages\/20148","targetHints":{"allow":["GET"]}}],"collection":[{"href":"https:\/\/www.diocesisciudadrodrigo.org\/blog4\/wp-json\/wp\/v2\/pages"}],"about":[{"href":"https:\/\/www.diocesisciudadrodrigo.org\/blog4\/wp-json\/wp\/v2\/types\/page"}],"author":[{"embeddable":true,"href":"https:\/\/www.diocesisciudadrodrigo.org\/blog4\/wp-json\/wp\/v2\/users\/1"}],"replies":[{"embeddable":true,"href":"https:\/\/www.diocesisciudadrodrigo.org\/blog4\/wp-json\/wp\/v2\/comments?post=20148"}],"version-history":[{"count":10,"href":"https:\/\/www.diocesisciudadrodrigo.org\/blog4\/wp-json\/wp\/v2\/pages\/20148\/revisions"}],"predecessor-version":[{"id":20273,"href":"https:\/\/www.diocesisciudadrodrigo.org\/blog4\/wp-json\/wp\/v2\/pages\/20148\/revisions\/20273"}],"wp:attachment":[{"href":"https:\/\/www.diocesisciudadrodrigo.org\/blog4\/wp-json\/wp\/v2\/media?parent=20148"}],"curies":[{"name":"wp","href":"https:\/\/api.w.org\/{rel}","templated":true}]}}