{"id":1158,"date":"2012-12-01T15:25:52","date_gmt":"2012-12-01T15:25:52","guid":{"rendered":"http:\/\/www.diocesisciudadrodrigo.org\/blog3\/?page_id=1158"},"modified":"2022-02-10T14:06:29","modified_gmt":"2022-02-10T13:06:29","slug":"episcopologio","status":"publish","type":"page","link":"https:\/\/www.diocesisciudadrodrigo.org\/blog4\/obispo\/episcopologio\/","title":{"rendered":"Episcopologio"},"content":{"rendered":"\t\t<div data-elementor-type=\"wp-post\" data-elementor-id=\"1158\" class=\"elementor elementor-1158\" data-elementor-settings=\"[]\">\n\t\t\t\t\t\t<div class=\"elementor-inner\">\n\t\t\t\t\t\t\t<div class=\"elementor-section-wrap\">\n\t\t\t\t\t\t\t<section class=\"elementor-section elementor-top-section elementor-element elementor-element-5b2bd8a6 elementor-section-boxed elementor-section-height-default elementor-section-height-default\" data-id=\"5b2bd8a6\" data-element_type=\"section\">\n\t\t\t\t\t\t<div class=\"elementor-container elementor-column-gap-default\">\n\t\t\t\t\t\t\t<div class=\"elementor-row\">\n\t\t\t\t\t<div class=\"elementor-column elementor-col-100 elementor-top-column elementor-element elementor-element-3ce0dc7\" data-id=\"3ce0dc7\" data-element_type=\"column\">\n\t\t\t<div class=\"elementor-column-wrap elementor-element-populated\">\n\t\t\t\t\t\t\t<div class=\"elementor-widget-wrap\">\n\t\t\t\t\t\t<div class=\"elementor-element elementor-element-43e1d836 elementor-widget elementor-widget-text-editor\" data-id=\"43e1d836\" data-element_type=\"widget\" data-widget_type=\"text-editor.default\">\n\t\t\t\t<div class=\"elementor-widget-container\">\n\t\t\t\t\t\t\t\t<div class=\"elementor-text-editor elementor-clearfix\">\n\t\t\t\t<h3><strong><span style=\"color: #ff0000;\">Obispos de Caliabria<\/span><\/strong><\/h3><p>Al ser considerada Ciudad Rodrigo, al menos en sus comienzos, como continuaci\u00f3n can\u00f3nica de Caliabria, se ofrece la lista de los obispos caliabrienses seg\u00fan las subscripciones de los concilios de la \u00e9poca visig\u00f3tica:<\/p><ul><li>Servus Dei, 633-646<\/li><li>Celedonio, 653-660 ?<\/li><li>Aloario, 666-670 ?<\/li><li>Ervigio, 688- (?)<\/li><\/ul><h3><strong><span style=\"color: #ff0000;\">Obispos de Ciudad Rodrigo<\/span><\/strong><\/h3><p>Para los siglos XII-XIII se dan las fechas seg\u00fan aparecen en las subscripciones de los documentos, indicando los a\u00f1os tope, tanto a quo como ad quem, sin querer decir con esto que los prelados citados rigieran la Di\u00f3cesis tan s\u00f3lo en esos a\u00f1os:<\/p><ul><li>Domingo, 1168-1172.<\/li><li>Pedro de Ponte, 1174-1189.<\/li><li>Mart\u00edn, 1190-1211.<\/li><li>(Sede vacante, 1211-1214).<\/li><li>Lombardo, 1214-1227.<\/li><li>Miguel, 1227-1245.<\/li><li>Pedro II, 1245-1251 (?).<\/li><li>Leonardo, 1252-1259 (?).<\/li><li>Domingo Mart\u00edn, 1263-1274 (?).<\/li><li>Pedro III, 1274-1284.<\/li><li>Antonio, 1285-1300.<\/li><li>Velasco P\u00e9rez (cism\u00e1tico), 1290 (?) -1297.<\/li><li>Alfonso, 1300-1314.<\/li><li>Alfonso, O.P. (?)<\/li><li>Bernardo, (?) -1324, trasl.<\/li><li>Juan I, 1324- (?).<\/li><li>Juan II, (?) -1339.<\/li><li>Alfonso III, 1344-1371 (?).<\/li><\/ul><h3><strong><span style=\"color: #ff0000;\">\u00c9poca del Cisma de Occidente (1378-1417)<\/span><\/strong><\/h3><p>A) Obispos de obediencia avi\u00f1onesa:<\/p><ul><li>Fernando de Pedrosa, 1382-1383, trasl. a Cartagena.<\/li><li>Gonzalo, 1384- (?).<\/li><li>Alfonso S\u00e1nchez de \u00c1vila, obispo coadjutor del anterior, 1428- (?).<\/li><\/ul><p>B) Obispos de obediencia romana:<\/p><ul><li>Rodrigo, 1384-1391<\/li><li>Gonzalo, obispo de Lamego, Adm. Apost. de Ciudad Rodrigo, 1403-1408 (?).<\/li><li>Andr\u00e9s D\u00edaz, 1410-1422, trasl. a Ajaccio (C\u00f3rcega).<\/li><\/ul><p>C) Obispos independientes:<\/p><ul><li>Juan III, (?) -1.387<\/li><li>Jer\u00f3nimo, 1389-1398.<\/li><li>Gonzalo Porres de Cibdat, (?) -1411<\/li><li>Alfonso Manuel, 1411-1427<\/li><\/ul><h3><strong><span style=\"color: #ff0000;\">Despu\u00e9s del Cisma de Occidente<\/span><\/strong><\/h3><ul><li>Alfonso V, (?) -1449<\/li><li>Sancho, obispo de Orte (Italia), 1431-1433, trasl. a Minervino (Italia).<\/li><li>Alfonso S\u00e1nchez de Valladolid, 1433-1455<\/li><li>Alfonso de Palenzuela, 1460 -1469, trasl. a Oviedo<\/li><li>Alfonso de Paradinas, 1469-1485<\/li><li>Pedro Beltr\u00e1n, 1485-1.487, trasl. a Tuy.<\/li><li>Diego de Moiras, O.Merc. Obispo de Tuy, 1487-l493<\/li><li>Juan de Ortega, 1493-1499, trasl. a Calahorra.<\/li><li>Diego de Peralta, 1499-1501<\/li><li>Valeriano Ord\u00f3\u00f1ez de Villaquir\u00e1n, 1501-1508, trasl. a Oviedo<\/li><li>Francisco de Bobadilla, 1509-1510, trasl. a Salamanca<\/li><li>Francisco Ruiz O.P., 1510-15l4, trasl. a Avila<\/li><li>Juan Pardo de Tavera, 1514-1523, trasl. a Osma.<\/li><li>Pedro Portocarre\u00f1o, 1523-1525, trasl. a Granada.<\/li><li>Gonzalo Maldonado, 1525-1530, trasl. a Tarragona, pero muri\u00f3 antes<\/li><li>Pedro Fern\u00e1ndez de Manrique, Obispo de Canarias, 1530-1537, trasl. a C\u00f3rdoba<\/li><li>Pedro Pacheco, Obispo de Mondo\u00f1edo, 1537-1539, trasl. a Pamplona<\/li><li>Antonio Ram\u00edrez de Haro, Obispo de Orense, 1539-1541, trasl. a Calahorra.<\/li><li>Francisco de Navarra, 1542-1545, trasl. a Badajoz.<\/li><li>Juan de Aceves, 1.546-1549<\/li><li>Pedro Ponce de Le\u00f3n, 1550-1560, trasl. a Plasencia.<\/li><li>Diego de Covarrubias y Leiva, 1560-1564, trasl. a Segovia<\/li><li>Diego de Simancas, 1564-1568, trasl. a Badajoz<\/li><li>Andr\u00e9s P\u00e9rez, 1568- + 1583<\/li><li>Jer\u00f3nimo Tardiel, renunci\u00f3 y se hizo monje jer\u00f3nimo (1583)<\/li><li>Pedro V\u00e9lez de Guevara, 1584 &#8211; + 1585<\/li><li>Bernardo de Sandoval y Rojas, 1586-1588, trasl. a Pamplona<\/li><li>Pedro Maldonado, 1588 &#8211; + l591<\/li><li>Mart\u00edn de Salvatierra, obispo de Segorbe, 1591 &#8211; + l604<\/li><li>Pedro Ponce de Le\u00f3n O.P., 1605-1610, trasl. a Zamora<\/li><li>Juan de la Cruz, muri\u00f3 sin ser confirmado (?)<\/li><li>Antonio Idi\u00e1quez Manrique, 16l0-16l3, trasl. a Segovia<\/li><li>Jer\u00f3nimo Ruiz de Camarro, 1613-1622, trasl. a Coria<\/li><li>Francisco de Arriba O.F.M., 1622 &#8211; muri\u00f3 antes de tomar posesi\u00f3n<\/li><li>Agust\u00edn Antol\u00ednez O.E.S.Aug., 1623-1624, trasl. a Compostela<\/li><li>Mart\u00edn Fern\u00e1ndez Portocarrero, 1624- + l625<\/li><li>Juan de la Torre y Ayala, obispo de Orense, 1.626-1638, trasl. a Zamora, pero muri\u00f3 antes<\/li><li>Francisco Diego de Alarc\u00f3n y Covarrubias, 1639-1645, trasl. a Salamanca<\/li><li>Juan Merinero O.F.M. (1645), no quiso aceptar<\/li><li>Juan P\u00e9rez Delgado, 1646-1655, trasl. a Salamanca.<\/li><li>Diego de Tejada y la Guardia, 1656-1658, trasl. a Pamplona<\/li><li>Diego Requelme y Quir\u00f3s, 1658-1661, trasl. a Oviedo<\/li><li>Antonio de Casta\u00f1\u00f3n, 1662-1667, trasl. a Zamora<\/li><li>Miguel de Cardenas, O. Carm., 1667- + 1671.<\/li><li>Alfonso Bernardo de los R\u00edos y Guzm\u00e1n, O.SS.T., obispo de Santiago de Cuba, 1671-1677, trasl. a Granada<\/li><li>Juan de Andaya y Sotomayor, 1678- + 1678<\/li><li>Sebasti\u00e1n Catal\u00e1n, 1679- + 1687<\/li><li>Jos\u00e9 Gonz\u00e1lez, O.Merc., 1688-1695, trasl. a Plasencia<\/li><li>Francisco Manuel de Z\u00fa\u00f1iga Sotomayor y Mendoza, O.S.A. 1695- + 17l2.<\/li><li>Jos\u00e9 D\u00edaz Santos de San Pedro, 1714- + 1719.<\/li><li>Gregorio T\u00e9llez, O.F.M.Conv., 1721, renunci\u00f3 al obispado 1738<\/li><li>Clemente Comenge y Avio, 1738- + 1747.<\/li><li>Pedro G\u00f3mez de la Torre, 1748-1756, trasl. a Plasencia<\/li><li>Jos\u00e9 Francisco de Biguezal, 1756- + 1762<\/li><li>Cayetano Antonio Cuadrillero y Mota, 1763-1777, trasl. a Le\u00f3n<\/li><li>Agust\u00edn de Alvarado y Castillo, arzobispo de Santa Fe de Bogot\u00e1, 1778- + 1781.<\/li><li>Alfonso Molina y Santaella, 1783- + 1784<\/li><li>Benito Ur\u00eda y Vald\u00e9s O.S.B., 1785- + 1810<\/li><li>Pedro Manuel Ram\u00edrez de la Piscina, 1814- + 1835<\/li><li>Pedro Alc\u00e1ntara y Jim\u00e9nez, 1835- + 1843<\/li><li>(Sede vacante: 1843-1867)<\/li><\/ul><h3><strong><span style=\"color: #ff0000;\">Obispos de Salamanca, Administradores Apost\u00f3licos de Ciudad Rodrigo (1868-1884)<\/span><\/strong><\/h3><ul><li>Anastasio Rodrigo Yusto, 1867- 1867, trasl. a Burgos<\/li><li>Joaqu\u00edn Llunch y Garriga, 1868-1875, trasl. a Barcelona<\/li><li>Narciso Mart\u00ednez Izquierdo, 1875-1885, trasl. a Madrid.<\/li><\/ul><h3><strong><span style=\"color: #ff0000;\">Administradores Apost\u00f3licos de Ciudad Rodrigo (1884-1950)<\/span><\/strong><\/h3><ul><li>Jos\u00e9 Tom\u00e1s de Mazarrasa y Riva, obispo tit. de Filip\u00f3polis, 1884- + 1907.<\/li><li>Ram\u00f3n Barber\u00e1 y Boada, obispo titular de Anthedon (El Blakiych), 1907- 1914, trasl. a Palencia<\/li><li>Manuel Mar\u00eda Vidal y Bouill\u00f3n, obispo titular de Birtha, 1915-1923 trasl. a Tuy<\/li><li>Silverio Velasco P\u00e9rez, obispo titular de Ticelia, 1924- + 1927<\/li><li>Manuel L\u00f3pez Arana, obispo titular de Curium, 1929- + 1941.<\/li><li>(Sede vacante: 1941-1945)<\/li><li>M\u00e1ximo Yurramendi Alcain, obispo titular de Messena, 1945- + 1949<\/li><li>Jes\u00fas Enciso Viana, obispo titular de Elusa (El Khalasa), 1949-1950<\/li><\/ul><h3><strong><span style=\"color: #ff0000;\">Obispos Residenciales y Administradores Apost\u00f3licos<\/span><\/strong><\/h3><ul><li>Jes\u00fas Enciso Viana, 1950-1955, trasl. a Mallorca<\/li><li>Jos\u00e9 Bascu\u00f1ana L\u00f3pez, 1955-1964, trasl. a Solsona<\/li><li>Demetrio Mansilla Reoyo, antes obispo auxiliar de Burgos, 1964-1988<\/li><li>Antonio Ceballos Atienza, 1988-1994, trasl. a C\u00e1diz y Ceuta<\/li><li>Juli\u00e1n L\u00f3pez Mart\u00edn, 1.994-2002, trasl. a Le\u00f3n<\/li><li>Atilano Rodr\u00edguez Mart\u00ednez, 2003-2011 Trasl. a Sig\u00fcenza-Guadalajara<\/li><li>Cecilio Ra\u00fal Berzosa Mart\u00ednez, 2011-2019\u00a0\u00a0<\/li><li>Francisco Gil Hell\u00edn (2018-2019)<\/li><li>Jes\u00fas Garc\u00eda Burillo (2019-2022)<\/li><li>Jos\u00e9 Luis Retana Gozalo (2022-)<\/li><\/ul>\t\t\t\t\t<\/div>\n\t\t\t\t\t\t<\/div>\n\t\t\t\t<\/div>\n\t\t\t\t\t\t<\/div>\n\t\t\t\t\t<\/div>\n\t\t<\/div>\n\t\t\t\t\t\t\t\t<\/div>\n\t\t\t\t\t<\/div>\n\t\t<\/section>\n\t\t\t\t\t\t<\/div>\n\t\t\t\t\t\t<\/div>\n\t\t\t\t\t<\/div>\n\t\t","protected":false},"excerpt":{"rendered":"<p>Obispos de Caliabria Al ser considerada Ciudad Rodrigo, al menos en sus comienzos, como continuaci\u00f3n can\u00f3nica de Caliabria, se ofrece la lista de los obispos caliabrienses seg\u00fan las subscripciones de &#8230; <\/p>\n<p class=\"read-more-container\"><a title=\"Episcopologio\" class=\"read-more button\" href=\"https:\/\/www.diocesisciudadrodrigo.org\/blog4\/obispo\/episcopologio\/#more-1158\" aria-label=\"M\u00e1s en Episcopologio\">Leer m\u00e1s &#8230;<\/a><\/p>\n","protected":false},"author":1,"featured_media":0,"parent":1046,"menu_order":0,"comment_status":"closed","ping_status":"closed","template":"","meta":{"footnotes":""},"class_list":["post-1158","page","type-page","status-publish"],"yoast_head":"<!-- This site is optimized with the Yoast SEO plugin v27.3 - https:\/\/yoast.com\/product\/yoast-seo-wordpress\/ -->\n<title>Episcopologio - Di\u00f3cesis de Ciudad Rodrigo<\/title>\n<meta name=\"robots\" content=\"index, follow, max-snippet:-1, max-image-preview:large, max-video-preview:-1\" \/>\n<link rel=\"canonical\" href=\"https:\/\/www.diocesisciudadrodrigo.org\/blog4\/obispo\/episcopologio\/\" \/>\n<meta property=\"og:locale\" content=\"es_ES\" \/>\n<meta property=\"og:type\" content=\"article\" \/>\n<meta property=\"og:title\" content=\"Episcopologio - Di\u00f3cesis de Ciudad Rodrigo\" \/>\n<meta property=\"og:description\" content=\"Obispos de Caliabria Al ser considerada Ciudad Rodrigo, al menos en sus comienzos, como continuaci\u00f3n can\u00f3nica de Caliabria, se ofrece la lista de los obispos caliabrienses seg\u00fan las subscripciones de ... Leer m\u00e1s ...\" \/>\n<meta property=\"og:url\" content=\"https:\/\/www.diocesisciudadrodrigo.org\/blog4\/obispo\/episcopologio\/\" \/>\n<meta property=\"og:site_name\" content=\"Di\u00f3cesis de Ciudad Rodrigo\" \/>\n<meta property=\"article:publisher\" content=\"https:\/\/www.facebook.com\/people\/Dicesis-Ciudad-Rodrigo-MCS\/100076471923419\/#\" \/>\n<meta property=\"article:modified_time\" content=\"2022-02-10T13:06:29+00:00\" \/>\n<meta name=\"twitter:card\" content=\"summary_large_image\" \/>\n<meta name=\"twitter:label1\" content=\"Tiempo de lectura\" \/>\n\t<meta name=\"twitter:data1\" content=\"5 minutos\" \/>\n<script type=\"application\/ld+json\" class=\"yoast-schema-graph\">{\"@context\":\"https:\\\/\\\/schema.org\",\"@graph\":[{\"@type\":\"WebPage\",\"@id\":\"https:\\\/\\\/www.diocesisciudadrodrigo.org\\\/blog4\\\/obispo\\\/episcopologio\\\/\",\"url\":\"https:\\\/\\\/www.diocesisciudadrodrigo.org\\\/blog4\\\/obispo\\\/episcopologio\\\/\",\"name\":\"Episcopologio - Di\u00f3cesis de Ciudad Rodrigo\",\"isPartOf\":{\"@id\":\"https:\\\/\\\/www.diocesisciudadrodrigo.org\\\/blog4\\\/#website\"},\"datePublished\":\"2012-12-01T15:25:52+00:00\",\"dateModified\":\"2022-02-10T13:06:29+00:00\",\"breadcrumb\":{\"@id\":\"https:\\\/\\\/www.diocesisciudadrodrigo.org\\\/blog4\\\/obispo\\\/episcopologio\\\/#breadcrumb\"},\"inLanguage\":\"es\",\"potentialAction\":[{\"@type\":\"ReadAction\",\"target\":[\"https:\\\/\\\/www.diocesisciudadrodrigo.org\\\/blog4\\\/obispo\\\/episcopologio\\\/\"]}]},{\"@type\":\"BreadcrumbList\",\"@id\":\"https:\\\/\\\/www.diocesisciudadrodrigo.org\\\/blog4\\\/obispo\\\/episcopologio\\\/#breadcrumb\",\"itemListElement\":[{\"@type\":\"ListItem\",\"position\":1,\"name\":\"Portada\",\"item\":\"https:\\\/\\\/www.diocesisciudadrodrigo.org\\\/blog4\\\/\"},{\"@type\":\"ListItem\",\"position\":2,\"name\":\"Obispo\",\"item\":\"https:\\\/\\\/www.diocesisciudadrodrigo.org\\\/blog4\\\/obispo\\\/\"},{\"@type\":\"ListItem\",\"position\":3,\"name\":\"Episcopologio\"}]},{\"@type\":\"WebSite\",\"@id\":\"https:\\\/\\\/www.diocesisciudadrodrigo.org\\\/blog4\\\/#website\",\"url\":\"https:\\\/\\\/www.diocesisciudadrodrigo.org\\\/blog4\\\/\",\"name\":\"Di\u00f3cesis de Ciudad Rodrigo\",\"description\":\"Sitio web oficial de la di\u00f3cesis civitatense\",\"publisher\":{\"@id\":\"https:\\\/\\\/www.diocesisciudadrodrigo.org\\\/blog4\\\/#organization\"},\"potentialAction\":[{\"@type\":\"SearchAction\",\"target\":{\"@type\":\"EntryPoint\",\"urlTemplate\":\"https:\\\/\\\/www.diocesisciudadrodrigo.org\\\/blog4\\\/?s={search_term_string}\"},\"query-input\":{\"@type\":\"PropertyValueSpecification\",\"valueRequired\":true,\"valueName\":\"search_term_string\"}}],\"inLanguage\":\"es\"},{\"@type\":\"Organization\",\"@id\":\"https:\\\/\\\/www.diocesisciudadrodrigo.org\\\/blog4\\\/#organization\",\"name\":\"Di\u00f3cesis de Ciudad Rodrigo\",\"url\":\"https:\\\/\\\/www.diocesisciudadrodrigo.org\\\/blog4\\\/\",\"logo\":{\"@type\":\"ImageObject\",\"inLanguage\":\"es\",\"@id\":\"https:\\\/\\\/www.diocesisciudadrodrigo.org\\\/blog4\\\/#\\\/schema\\\/logo\\\/image\\\/\",\"url\":\"https:\\\/\\\/www.diocesisciudadrodrigo.org\\\/blog4\\\/wp-content\\\/uploads\\\/2024\\\/12\\\/Diocesis.CMYK_-768x480-1.jpg\",\"contentUrl\":\"https:\\\/\\\/www.diocesisciudadrodrigo.org\\\/blog4\\\/wp-content\\\/uploads\\\/2024\\\/12\\\/Diocesis.CMYK_-768x480-1.jpg\",\"width\":768,\"height\":480,\"caption\":\"Di\u00f3cesis de Ciudad Rodrigo\"},\"image\":{\"@id\":\"https:\\\/\\\/www.diocesisciudadrodrigo.org\\\/blog4\\\/#\\\/schema\\\/logo\\\/image\\\/\"},\"sameAs\":[\"https:\\\/\\\/www.facebook.com\\\/people\\\/Dicesis-Ciudad-Rodrigo-MCS\\\/100076471923419\\\/#\"]}]}<\/script>\n<!-- \/ Yoast SEO plugin. -->","yoast_head_json":{"title":"Episcopologio - Di\u00f3cesis de Ciudad Rodrigo","robots":{"index":"index","follow":"follow","max-snippet":"max-snippet:-1","max-image-preview":"max-image-preview:large","max-video-preview":"max-video-preview:-1"},"canonical":"https:\/\/www.diocesisciudadrodrigo.org\/blog4\/obispo\/episcopologio\/","og_locale":"es_ES","og_type":"article","og_title":"Episcopologio - Di\u00f3cesis de Ciudad Rodrigo","og_description":"Obispos de Caliabria Al ser considerada Ciudad Rodrigo, al menos en sus comienzos, como continuaci\u00f3n can\u00f3nica de Caliabria, se ofrece la lista de los obispos caliabrienses seg\u00fan las subscripciones de ... Leer m\u00e1s ...","og_url":"https:\/\/www.diocesisciudadrodrigo.org\/blog4\/obispo\/episcopologio\/","og_site_name":"Di\u00f3cesis de Ciudad Rodrigo","article_publisher":"https:\/\/www.facebook.com\/people\/Dicesis-Ciudad-Rodrigo-MCS\/100076471923419\/#","article_modified_time":"2022-02-10T13:06:29+00:00","twitter_card":"summary_large_image","twitter_misc":{"Tiempo de lectura":"5 minutos"},"schema":{"@context":"https:\/\/schema.org","@graph":[{"@type":"WebPage","@id":"https:\/\/www.diocesisciudadrodrigo.org\/blog4\/obispo\/episcopologio\/","url":"https:\/\/www.diocesisciudadrodrigo.org\/blog4\/obispo\/episcopologio\/","name":"Episcopologio - Di\u00f3cesis de Ciudad Rodrigo","isPartOf":{"@id":"https:\/\/www.diocesisciudadrodrigo.org\/blog4\/#website"},"datePublished":"2012-12-01T15:25:52+00:00","dateModified":"2022-02-10T13:06:29+00:00","breadcrumb":{"@id":"https:\/\/www.diocesisciudadrodrigo.org\/blog4\/obispo\/episcopologio\/#breadcrumb"},"inLanguage":"es","potentialAction":[{"@type":"ReadAction","target":["https:\/\/www.diocesisciudadrodrigo.org\/blog4\/obispo\/episcopologio\/"]}]},{"@type":"BreadcrumbList","@id":"https:\/\/www.diocesisciudadrodrigo.org\/blog4\/obispo\/episcopologio\/#breadcrumb","itemListElement":[{"@type":"ListItem","position":1,"name":"Portada","item":"https:\/\/www.diocesisciudadrodrigo.org\/blog4\/"},{"@type":"ListItem","position":2,"name":"Obispo","item":"https:\/\/www.diocesisciudadrodrigo.org\/blog4\/obispo\/"},{"@type":"ListItem","position":3,"name":"Episcopologio"}]},{"@type":"WebSite","@id":"https:\/\/www.diocesisciudadrodrigo.org\/blog4\/#website","url":"https:\/\/www.diocesisciudadrodrigo.org\/blog4\/","name":"Di\u00f3cesis de Ciudad Rodrigo","description":"Sitio web oficial de la di\u00f3cesis civitatense","publisher":{"@id":"https:\/\/www.diocesisciudadrodrigo.org\/blog4\/#organization"},"potentialAction":[{"@type":"SearchAction","target":{"@type":"EntryPoint","urlTemplate":"https:\/\/www.diocesisciudadrodrigo.org\/blog4\/?s={search_term_string}"},"query-input":{"@type":"PropertyValueSpecification","valueRequired":true,"valueName":"search_term_string"}}],"inLanguage":"es"},{"@type":"Organization","@id":"https:\/\/www.diocesisciudadrodrigo.org\/blog4\/#organization","name":"Di\u00f3cesis de Ciudad Rodrigo","url":"https:\/\/www.diocesisciudadrodrigo.org\/blog4\/","logo":{"@type":"ImageObject","inLanguage":"es","@id":"https:\/\/www.diocesisciudadrodrigo.org\/blog4\/#\/schema\/logo\/image\/","url":"https:\/\/www.diocesisciudadrodrigo.org\/blog4\/wp-content\/uploads\/2024\/12\/Diocesis.CMYK_-768x480-1.jpg","contentUrl":"https:\/\/www.diocesisciudadrodrigo.org\/blog4\/wp-content\/uploads\/2024\/12\/Diocesis.CMYK_-768x480-1.jpg","width":768,"height":480,"caption":"Di\u00f3cesis de Ciudad Rodrigo"},"image":{"@id":"https:\/\/www.diocesisciudadrodrigo.org\/blog4\/#\/schema\/logo\/image\/"},"sameAs":["https:\/\/www.facebook.com\/people\/Dicesis-Ciudad-Rodrigo-MCS\/100076471923419\/#"]}]}},"_links":{"self":[{"href":"https:\/\/www.diocesisciudadrodrigo.org\/blog4\/wp-json\/wp\/v2\/pages\/1158","targetHints":{"allow":["GET"]}}],"collection":[{"href":"https:\/\/www.diocesisciudadrodrigo.org\/blog4\/wp-json\/wp\/v2\/pages"}],"about":[{"href":"https:\/\/www.diocesisciudadrodrigo.org\/blog4\/wp-json\/wp\/v2\/types\/page"}],"author":[{"embeddable":true,"href":"https:\/\/www.diocesisciudadrodrigo.org\/blog4\/wp-json\/wp\/v2\/users\/1"}],"replies":[{"embeddable":true,"href":"https:\/\/www.diocesisciudadrodrigo.org\/blog4\/wp-json\/wp\/v2\/comments?post=1158"}],"version-history":[{"count":22,"href":"https:\/\/www.diocesisciudadrodrigo.org\/blog4\/wp-json\/wp\/v2\/pages\/1158\/revisions"}],"predecessor-version":[{"id":22245,"href":"https:\/\/www.diocesisciudadrodrigo.org\/blog4\/wp-json\/wp\/v2\/pages\/1158\/revisions\/22245"}],"up":[{"embeddable":true,"href":"https:\/\/www.diocesisciudadrodrigo.org\/blog4\/wp-json\/wp\/v2\/pages\/1046"}],"wp:attachment":[{"href":"https:\/\/www.diocesisciudadrodrigo.org\/blog4\/wp-json\/wp\/v2\/media?parent=1158"}],"curies":[{"name":"wp","href":"https:\/\/api.w.org\/{rel}","templated":true}]}}