{"id":8211,"date":"2019-05-19T10:09:31","date_gmt":"2019-05-19T09:09:31","guid":{"rendered":"http:\/\/www.diocesisciudadrodrigo.org\/blog3\/?page_id=8211"},"modified":"2020-03-17T19:25:52","modified_gmt":"2020-03-17T18:25:52","slug":"inicio","status":"publish","type":"page","link":"https:\/\/www.diocesisciudadrodrigo.org\/blog3\/","title":{"rendered":"Inicio"},"content":{"rendered":"<p><\/p>\n\n\n<\/p>\n<h2 style=\"text-align: center;\">Esta es una versi\u00f3n antigua del sitio web de la Di\u00f3cesis de Ciudad Rodrigo. Para acceder a la nueva p\u00e1gina web, pulse sobre la imagen inferior.<\/h2>\n<p>\n\n\n<p><\/p>\n\n\n<\/p>\n<figure><a href=\"https:\/\/www.diocesisciudadrodrigo.org\/blog4\/\" target=\"_blank\" rel=\"noreferrer noopener\"><img src=\"https:\/\/www.diocesisciudadrodrigo.org\/blog3\/wp-content\/uploads\/2019\/12\/acceso_nueva_web_20191212-195748.gif\" alt=\"\" \/><\/a><\/figure>\n<p>\n\n\n<p><\/p>\n\n\n<\/p>\n<hr \/>\n<p>\n\n\n<p><\/p>\n\n\n<\/p>\n<h1>Noticias de Actualidad diocesana publicadas en el sitio web de la Di\u00f3cesis de Ciudad Rodrigo desde Marzo de 2011 hasta Diciembre de 2018.<\/h1>\n<p>\n\n\n<p><\/p>\n\n\n<\/p>\n<h2>Para realizar una b\u00fasqueda utilice el formulario de la barra lateral situada a la derecha.<\/h2>\n<p>\n\n\n<p><\/p>\n\n\n<\/p>\n<h2>Puede usar tambi\u00e9n el apartado CATEGORIAS para encontrar las entradas publicadas en cada una de las opciones que forman parte de dicha secci\u00f3n.<\/h2>\n<p>\n\n\n<p><\/p>\n\n\n<\/p>\n<h2>Asimismo puede examinar las noticias publicadas en un mes concreto eligiendo la opci\u00f3n adecuada en la secci\u00f3n ARCHIVO.<\/h2>\n<p>\n\n\n<p><\/p>\n\n\n<\/p>\n<h2>Para ver las noticias en el orden en el que se fueron publicando, de fecha m\u00e1s reciente a m\u00e1s antigua haga clic en el siguiente bot\u00f3n:<\/h2>\n<p>\n\n\n<p><\/p>\n\n\n<\/p>\n<a href=\"http:\/\/www.diocesisciudadrodrigo.org\/blog3\/?page_id=7994\">Entradas realizadas en el periodo Marzo de 2011 &#8211; Diciembre\u00a0 de 2018<\/a>\n<p>\n\n\n<p><\/p>\n\n\n<\/p>\n<p>\n\n\n<p><\/p>","protected":false},"excerpt":{"rendered":"<p>Esta es una versi\u00f3n antigua del sitio web de la Di\u00f3cesis de Ciudad Rodrigo. Para acceder a la nueva p\u00e1gina web, pulse sobre la imagen inferior. Noticias de Actualidad diocesana publicadas en el sitio web de la Di\u00f3cesis de Ciudad Rodrigo desde Marzo de 2011 hasta Diciembre de 2018. Para realizar una b\u00fasqueda utilice el &#8230; <a title=\"Inicio\" class=\"read-more\" href=\"https:\/\/www.diocesisciudadrodrigo.org\/blog3\/\" aria-label=\"M\u00e1s en Inicio\">Leer m\u00e1s<\/a><\/p>\n","protected":false},"author":1,"featured_media":0,"parent":0,"menu_order":0,"comment_status":"closed","ping_status":"closed","template":"","meta":[],"_links":{"self":[{"href":"https:\/\/www.diocesisciudadrodrigo.org\/blog3\/wp-json\/wp\/v2\/pages\/8211"}],"collection":[{"href":"https:\/\/www.diocesisciudadrodrigo.org\/blog3\/wp-json\/wp\/v2\/pages"}],"about":[{"href":"https:\/\/www.diocesisciudadrodrigo.org\/blog3\/wp-json\/wp\/v2\/types\/page"}],"author":[{"embeddable":true,"href":"https:\/\/www.diocesisciudadrodrigo.org\/blog3\/wp-json\/wp\/v2\/users\/1"}],"replies":[{"embeddable":true,"href":"https:\/\/www.diocesisciudadrodrigo.org\/blog3\/wp-json\/wp\/v2\/comments?post=8211"}],"version-history":[{"count":18,"href":"https:\/\/www.diocesisciudadrodrigo.org\/blog3\/wp-json\/wp\/v2\/pages\/8211\/revisions"}],"predecessor-version":[{"id":8257,"href":"https:\/\/www.diocesisciudadrodrigo.org\/blog3\/wp-json\/wp\/v2\/pages\/8211\/revisions\/8257"}],"wp:attachment":[{"href":"https:\/\/www.diocesisciudadrodrigo.org\/blog3\/wp-json\/wp\/v2\/media?parent=8211"}],"curies":[{"name":"wp","href":"https:\/\/api.w.org\/{rel}","templated":true}]}}